{"id":7282,"date":"2019-06-20T18:48:01","date_gmt":"2019-06-20T18:48:01","guid":{"rendered":"http:\/\/coreupdates.avna.com\/about-okay\/careers\/costa-rica-careers\/"},"modified":"2024-11-05T07:08:50","modified_gmt":"2024-11-05T12:08:50","slug":"costa-rica-careers","status":"publish","type":"page","link":"https:\/\/coreupdates.avna.com\/es\/about-okay\/careers\/costa-rica-careers\/","title":{"rendered":"Costa Rica Careers"},"content":{"rendered":"\n\n\n<div class=\"wp-block-columns has-6-columns blue-nav cleanLinks is-layout-flex wp-container-core-columns-is-layout-9d6595d7 wp-block-columns-is-layout-flex\">\n<div class=\"wp-block-column is-layout-flow wp-block-column-is-layout-flow\">\n<h4 class=\"has-text-align-left wp-block-heading\">Careers Menu:<\/h4>\n<\/div>\n\n\n\n<div class=\"wp-block-column is-layout-flow wp-block-column-is-layout-flow\">\n<h4 class=\"has-text-align-center wp-block-heading\"><a href=\"http:\/\/coreupdates.avna.com\/es\/about-okay\/careers\/\">Carreras<\/a><br><\/h4>\n<\/div>\n\n\n\n<div class=\"wp-block-column is-layout-flow wp-block-column-is-layout-flow\">\n<h4 class=\"has-text-align-center wp-block-heading\"><a href=\"http:\/\/coreupdates.avna.com\/es\/about-okay\/careers\/advancement\/\">COMPASS Program<\/a><br><\/h4>\n<\/div>\n\n\n\n<div class=\"wp-block-column is-layout-flow wp-block-column-is-layout-flow\">\n<h4 class=\"has-text-align-center wp-block-heading\"> <a href=\"http:\/\/coreupdates.avna.com\/es\/about-okay\/careers\/apprenticeship\/\">Aprendizaje<\/a><br><\/h4>\n<\/div>\n\n\n\n<div class=\"wp-block-column is-layout-flow wp-block-column-is-layout-flow\">\n<h4 class=\"has-text-align-center wp-block-heading\"> <a href=\"http:\/\/coreupdates.avna.com\/es\/about-okay\/careers\/benefits\/\">Beneficios<\/a><\/h4>\n<\/div>\n\n\n\n<div class=\"wp-block-column is-layout-flow wp-block-column-is-layout-flow\">\n<h4 class=\"has-text-align-center wp-block-heading\" id=\"mce_1\"> <a href=\"http:\/\/coreupdates.avna.com\/es\/about-okay\/careers\/join-our-team\/\">\u00danete a nuestro equipo<\/a><a href=\"http:\/\/coreupdates.avna.com\/about-okay\/careers\/join-our-team\/\"><\/a><\/h4>\n<\/div>\n<\/div>\n\n\n<section class=\"header-block\"><figure class=\"bg\" style=\"background-image: url(https:\/\/coreupdates.avna.com\/wp-content\/uploads\/2019\/06\/recruitment-okay-homepage-hero-01.jpg); \"><\/figure><div class=\"section-wrapper\"><div class=\"text-wrapper\"><div class=\"text-background\"><\/div><div class=\"header-image \" style=\"background-image: url(https:\/\/coreupdates.avna.com\/wp-content\/uploads\/2022\/04\/okay-hero-apprentice-2.png);\"><\/div><div class=\"header-text\"><h1 style=\"font-size: 2rem !important;\"><strong>CARRERAS<br \/>\nCOSTA RICA<\/strong><\/h2>\n<p>&nbsp;<\/p>\n<\/div><\/div><\/div><\/section>\n\n\n<section class=\"wp-block-smart-section-section white-background\"><div class=\"section-wrapper\">\n<h2 class=\"has-text-align-center wp-block-heading\" id=\"h-consulte-a-continuacion-los-puestos-de-trabajo-disponibles\">Consulte a continuaci\u00f3n los puestos de trabajo disponibles.<\/h2>\n<\/div><\/section>\n\n\n\n<section class=\"wp-block-smart-section-section\"><div class=\"section-wrapper\">\n<div class=\"wp-block-query is-layout-flow wp-block-query-is-layout-flow\"><ul class=\"wp-block-post-template is-layout-flow wp-block-post-template-is-layout-flow\"><li class=\"wp-block-post post-12421 post type-post status-publish format-standard has-post-thumbnail hentry category-costa-rica-careers-2-es category-costa-rica-careers-english-es\">\n<h2 class=\"wp-block-post-title\"><a href=\"https:\/\/coreupdates.avna.com\/es\/laser-technician\/\" target=\"_self\" >Laser Technician \/ Temporal 6 meses<\/a><\/h2>\n\n<div class=\"wp-block-post-excerpt\"><p class=\"wp-block-post-excerpt__excerpt\">Ejecutar trabajos t\u00e9cnicos en los equipos de corte, soldadura y marcado Laser, basados en procedimientos e instructivos para mantener una adecuada disponibilidad de los equipos.<\/p><p class=\"wp-block-post-excerpt__more-text\"><a class=\"wp-block-post-excerpt__more-link\" href=\"https:\/\/coreupdates.avna.com\/es\/laser-technician\/\">Read More<\/a><\/p><\/div>\n<\/li><li class=\"wp-block-post post-12419 post type-post status-publish format-standard has-post-thumbnail hentry category-costa-rica-careers-2-es category-costa-rica-careers-english-es\">\n<h2 class=\"wp-block-post-title\"><a href=\"https:\/\/coreupdates.avna.com\/es\/quoting-support-technician\/\" target=\"_self\" >Quoting Support Technician<\/a><\/h2>\n\n<div class=\"wp-block-post-excerpt\"><p class=\"wp-block-post-excerpt__excerpt\">Buscar, desarrollar y ejecutar programas en software para procesos de manufactura de nuevas partes para la cotizaci\u00f3n de nuevos proyectos de manufactura o para la elaboraci\u00f3n de prototipos seg\u00fan las necesidades de los clientes externos.<\/p><p class=\"wp-block-post-excerpt__more-text\"><a class=\"wp-block-post-excerpt__more-link\" href=\"https:\/\/coreupdates.avna.com\/es\/quoting-support-technician\/\">Read More<\/a><\/p><\/div>\n<\/li><\/ul><\/div>\n<\/div><\/section>\n\n\n\n<section class=\"wp-block-smart-section-section\"><div class=\"section-wrapper\">\n<div class=\"wp-block-columns has-2-columns dividers is-layout-flex wp-container-core-columns-is-layout-9d6595d7 wp-block-columns-is-layout-flex\">\n<div class=\"wp-block-column padding-bottom-none is-layout-flow wp-block-column-is-layout-flow\">\n<p class=\"padding-bottom-none\">Cont\u00e1ctanos para enviar tu curr\u00edculum o una solicitud.<\/p>\n\n\n<div class=\"wp-block-image\">\n<figure class=\"alignright is-resized\"><img decoding=\"async\" src=\"http:\/\/coreupdates.avna.com\/wp-content\/uploads\/2019\/01\/we-are-costa-rica.png\" alt=\"\" class=\"wp-image-2844\" width=\"150\" height=\"151\"\/><\/figure><\/div>\n\n\n<p>Evolution Free Zone, Alajuela, Grecia, Building #5<br>Tel:\u00a0<a href=\"tel:+150640809850\">+ 506-4080-9850<\/a><br>Fax: <a href=\"tel:+150624324531\">+ 506-2432-4531<\/a><br>Email:<a href=\"mailto:human.resources@okaycr.com\" target=\"_blank\" rel=\"noreferrer noopener\"> <\/a><a href=\"mailto:reclutamiento@avna.com\">reclutamiento@avna.com<\/a><\/p>\n<\/div>\n\n\n\n<div class=\"wp-block-column padding-bottom-none is-layout-flow wp-block-column-is-layout-flow\">\n<figure class=\"wp-block-image alignwide size-full\"><img decoding=\"async\" width=\"600\" height=\"294\" src=\"http:\/\/coreupdates.avna.com\/wp-content\/uploads\/2024\/11\/Cost-Rica_1200x587_location-2024.jpg\" alt=\"Costa Rica Medical Contract Manufacturing Center\" class=\"wp-image-12391\" srcset=\"https:\/\/coreupdates.avna.com\/wp-content\/uploads\/2024\/11\/Cost-Rica_1200x587_location-2024.jpg 600w, https:\/\/coreupdates.avna.com\/wp-content\/uploads\/2024\/11\/Cost-Rica_1200x587_location-2024-300x147.jpg 300w, https:\/\/coreupdates.avna.com\/wp-content\/uploads\/2024\/11\/Cost-Rica_1200x587_location-2024-100x49.jpg 100w, https:\/\/coreupdates.avna.com\/wp-content\/uploads\/2024\/11\/Cost-Rica_1200x587_location-2024-200x98.jpg 200w, https:\/\/coreupdates.avna.com\/wp-content\/uploads\/2024\/11\/Cost-Rica_1200x587_location-2024-400x196.jpg 400w\" sizes=\"(max-width: 600px) 100vw, 600px\" \/><\/figure>\n<\/div>\n<\/div>\n<\/div><\/section>\n","protected":false},"excerpt":{"rendered":"","protected":false},"author":10,"featured_media":7010,"parent":7008,"menu_order":0,"comment_status":"closed","ping_status":"closed","template":"","meta":{"_acf_changed":false,"footnotes":""},"class_list":["post-7282","page","type-page","status-publish","has-post-thumbnail","hentry"],"acf":[],"yoast_head":"<!-- This site is optimized with the Yoast SEO Premium plugin v20.12 (Yoast SEO v25.4) - https:\/\/yoast.com\/wordpress\/plugins\/seo\/ -->\n<title>Costa Rica Careers - AVNA<\/title>\n<meta name=\"robots\" content=\"index, follow, max-snippet:-1, max-image-preview:large, max-video-preview:-1\" \/>\n<link rel=\"canonical\" href=\"https:\/\/coreupdates.avna.com\/es\/about-okay\/careers\/costa-rica-careers\/\" \/>\n<meta property=\"og:locale\" content=\"es_ES\" \/>\n<meta property=\"og:type\" content=\"article\" \/>\n<meta property=\"og:title\" content=\"Costa Rica Careers\" \/>\n<meta property=\"og:url\" content=\"https:\/\/coreupdates.avna.com\/es\/about-okay\/careers\/costa-rica-careers\/\" \/>\n<meta property=\"og:site_name\" content=\"AVNA\" \/>\n<meta property=\"article:modified_time\" content=\"2024-11-05T12:08:50+00:00\" \/>\n<meta property=\"og:image\" content=\"https:\/\/coreupdates.avna.com\/wp-content\/uploads\/2019\/06\/recruitment-okay-homepage-hero-01.jpg\" \/>\n\t<meta property=\"og:image:width\" content=\"1575\" \/>\n\t<meta property=\"og:image:height\" content=\"779\" \/>\n\t<meta property=\"og:image:type\" content=\"image\/jpeg\" \/>\n<meta name=\"twitter:card\" content=\"summary_large_image\" \/>\n<meta name=\"twitter:label1\" content=\"Tiempo de lectura\" \/>\n\t<meta name=\"twitter:data1\" content=\"1 minuto\" \/>\n<script type=\"application\/ld+json\" class=\"yoast-schema-graph\">{\"@context\":\"https:\/\/schema.org\",\"@graph\":[{\"@type\":\"WebPage\",\"@id\":\"https:\/\/coreupdates.avna.com\/es\/about-okay\/careers\/costa-rica-careers\/\",\"url\":\"https:\/\/coreupdates.avna.com\/es\/about-okay\/careers\/costa-rica-careers\/\",\"name\":\"Costa Rica Careers - AVNA\",\"isPartOf\":{\"@id\":\"https:\/\/coreupdates.avna.com\/es\/#website\"},\"primaryImageOfPage\":{\"@id\":\"https:\/\/coreupdates.avna.com\/es\/about-okay\/careers\/costa-rica-careers\/#primaryimage\"},\"image\":{\"@id\":\"https:\/\/coreupdates.avna.com\/es\/about-okay\/careers\/costa-rica-careers\/#primaryimage\"},\"thumbnailUrl\":\"https:\/\/coreupdates.avna.com\/wp-content\/uploads\/2019\/06\/recruitment-okay-homepage-hero-01.jpg\",\"datePublished\":\"2019-06-20T18:48:01+00:00\",\"dateModified\":\"2024-11-05T12:08:50+00:00\",\"breadcrumb\":{\"@id\":\"https:\/\/coreupdates.avna.com\/es\/about-okay\/careers\/costa-rica-careers\/#breadcrumb\"},\"inLanguage\":\"es\",\"potentialAction\":[{\"@type\":\"ReadAction\",\"target\":[\"https:\/\/coreupdates.avna.com\/es\/about-okay\/careers\/costa-rica-careers\/\"]}]},{\"@type\":\"ImageObject\",\"inLanguage\":\"es\",\"@id\":\"https:\/\/coreupdates.avna.com\/es\/about-okay\/careers\/costa-rica-careers\/#primaryimage\",\"url\":\"https:\/\/coreupdates.avna.com\/wp-content\/uploads\/2019\/06\/recruitment-okay-homepage-hero-01.jpg\",\"contentUrl\":\"https:\/\/coreupdates.avna.com\/wp-content\/uploads\/2019\/06\/recruitment-okay-homepage-hero-01.jpg\",\"width\":1575,\"height\":779},{\"@type\":\"BreadcrumbList\",\"@id\":\"https:\/\/coreupdates.avna.com\/es\/about-okay\/careers\/costa-rica-careers\/#breadcrumb\",\"itemListElement\":[{\"@type\":\"ListItem\",\"position\":1,\"name\":\"Home\",\"item\":\"https:\/\/coreupdates.avna.com\/es\/\"},{\"@type\":\"ListItem\",\"position\":2,\"name\":\"SobreAVNA\",\"item\":\"https:\/\/coreupdates.avna.com\/es\/about-okay\/\"},{\"@type\":\"ListItem\",\"position\":3,\"name\":\"Carreras\",\"item\":\"https:\/\/coreupdates.avna.com\/es\/about-okay\/careers\/\"},{\"@type\":\"ListItem\",\"position\":4,\"name\":\"Costa Rica Careers\"}]},{\"@type\":\"WebSite\",\"@id\":\"https:\/\/coreupdates.avna.com\/es\/#website\",\"url\":\"https:\/\/coreupdates.avna.com\/es\/\",\"name\":\"AVNA\",\"description\":\"Innovation Partners for Life\",\"publisher\":{\"@id\":\"https:\/\/coreupdates.avna.com\/es\/#organization\"},\"potentialAction\":[{\"@type\":\"SearchAction\",\"target\":{\"@type\":\"EntryPoint\",\"urlTemplate\":\"https:\/\/coreupdates.avna.com\/es\/?s={search_term_string}\"},\"query-input\":{\"@type\":\"PropertyValueSpecification\",\"valueRequired\":true,\"valueName\":\"search_term_string\"}}],\"inLanguage\":\"es\"},{\"@type\":\"Organization\",\"@id\":\"https:\/\/coreupdates.avna.com\/es\/#organization\",\"name\":\"AVNA\",\"url\":\"https:\/\/coreupdates.avna.com\/es\/\",\"logo\":{\"@type\":\"ImageObject\",\"inLanguage\":\"es\",\"@id\":\"https:\/\/coreupdates.avna.com\/es\/#\/schema\/logo\/image\/\",\"url\":\"http:\/\/coreupdates.avna.com\/wp-content\/uploads\/2023\/12\/logo-0.png\",\"contentUrl\":\"http:\/\/coreupdates.avna.com\/wp-content\/uploads\/2023\/12\/logo-0.png\",\"width\":387,\"height\":275,\"caption\":\"AVNA\"},\"image\":{\"@id\":\"https:\/\/coreupdates.avna.com\/es\/#\/schema\/logo\/image\/\"}}]}<\/script>\n<!-- \/ Yoast SEO Premium plugin. -->","yoast_head_json":{"title":"Costa Rica Careers - AVNA","robots":{"index":"index","follow":"follow","max-snippet":"max-snippet:-1","max-image-preview":"max-image-preview:large","max-video-preview":"max-video-preview:-1"},"canonical":"https:\/\/coreupdates.avna.com\/es\/about-okay\/careers\/costa-rica-careers\/","og_locale":"es_ES","og_type":"article","og_title":"Costa Rica Careers","og_url":"https:\/\/coreupdates.avna.com\/es\/about-okay\/careers\/costa-rica-careers\/","og_site_name":"AVNA","article_modified_time":"2024-11-05T12:08:50+00:00","og_image":[{"width":1575,"height":779,"url":"https:\/\/coreupdates.avna.com\/wp-content\/uploads\/2019\/06\/recruitment-okay-homepage-hero-01.jpg","type":"image\/jpeg"}],"twitter_card":"summary_large_image","twitter_misc":{"Tiempo de lectura":"1 minuto"},"schema":{"@context":"https:\/\/schema.org","@graph":[{"@type":"WebPage","@id":"https:\/\/coreupdates.avna.com\/es\/about-okay\/careers\/costa-rica-careers\/","url":"https:\/\/coreupdates.avna.com\/es\/about-okay\/careers\/costa-rica-careers\/","name":"Costa Rica Careers - AVNA","isPartOf":{"@id":"https:\/\/coreupdates.avna.com\/es\/#website"},"primaryImageOfPage":{"@id":"https:\/\/coreupdates.avna.com\/es\/about-okay\/careers\/costa-rica-careers\/#primaryimage"},"image":{"@id":"https:\/\/coreupdates.avna.com\/es\/about-okay\/careers\/costa-rica-careers\/#primaryimage"},"thumbnailUrl":"https:\/\/coreupdates.avna.com\/wp-content\/uploads\/2019\/06\/recruitment-okay-homepage-hero-01.jpg","datePublished":"2019-06-20T18:48:01+00:00","dateModified":"2024-11-05T12:08:50+00:00","breadcrumb":{"@id":"https:\/\/coreupdates.avna.com\/es\/about-okay\/careers\/costa-rica-careers\/#breadcrumb"},"inLanguage":"es","potentialAction":[{"@type":"ReadAction","target":["https:\/\/coreupdates.avna.com\/es\/about-okay\/careers\/costa-rica-careers\/"]}]},{"@type":"ImageObject","inLanguage":"es","@id":"https:\/\/coreupdates.avna.com\/es\/about-okay\/careers\/costa-rica-careers\/#primaryimage","url":"https:\/\/coreupdates.avna.com\/wp-content\/uploads\/2019\/06\/recruitment-okay-homepage-hero-01.jpg","contentUrl":"https:\/\/coreupdates.avna.com\/wp-content\/uploads\/2019\/06\/recruitment-okay-homepage-hero-01.jpg","width":1575,"height":779},{"@type":"BreadcrumbList","@id":"https:\/\/coreupdates.avna.com\/es\/about-okay\/careers\/costa-rica-careers\/#breadcrumb","itemListElement":[{"@type":"ListItem","position":1,"name":"Home","item":"https:\/\/coreupdates.avna.com\/es\/"},{"@type":"ListItem","position":2,"name":"SobreAVNA","item":"https:\/\/coreupdates.avna.com\/es\/about-okay\/"},{"@type":"ListItem","position":3,"name":"Carreras","item":"https:\/\/coreupdates.avna.com\/es\/about-okay\/careers\/"},{"@type":"ListItem","position":4,"name":"Costa Rica Careers"}]},{"@type":"WebSite","@id":"https:\/\/coreupdates.avna.com\/es\/#website","url":"https:\/\/coreupdates.avna.com\/es\/","name":"AVNA","description":"Innovation Partners for Life","publisher":{"@id":"https:\/\/coreupdates.avna.com\/es\/#organization"},"potentialAction":[{"@type":"SearchAction","target":{"@type":"EntryPoint","urlTemplate":"https:\/\/coreupdates.avna.com\/es\/?s={search_term_string}"},"query-input":{"@type":"PropertyValueSpecification","valueRequired":true,"valueName":"search_term_string"}}],"inLanguage":"es"},{"@type":"Organization","@id":"https:\/\/coreupdates.avna.com\/es\/#organization","name":"AVNA","url":"https:\/\/coreupdates.avna.com\/es\/","logo":{"@type":"ImageObject","inLanguage":"es","@id":"https:\/\/coreupdates.avna.com\/es\/#\/schema\/logo\/image\/","url":"http:\/\/coreupdates.avna.com\/wp-content\/uploads\/2023\/12\/logo-0.png","contentUrl":"http:\/\/coreupdates.avna.com\/wp-content\/uploads\/2023\/12\/logo-0.png","width":387,"height":275,"caption":"AVNA"},"image":{"@id":"https:\/\/coreupdates.avna.com\/es\/#\/schema\/logo\/image\/"}}]}},"_links":{"self":[{"href":"https:\/\/coreupdates.avna.com\/es\/wp-json\/wp\/v2\/pages\/7282","targetHints":{"allow":["GET"]}}],"collection":[{"href":"https:\/\/coreupdates.avna.com\/es\/wp-json\/wp\/v2\/pages"}],"about":[{"href":"https:\/\/coreupdates.avna.com\/es\/wp-json\/wp\/v2\/types\/page"}],"author":[{"embeddable":true,"href":"https:\/\/coreupdates.avna.com\/es\/wp-json\/wp\/v2\/users\/10"}],"replies":[{"embeddable":true,"href":"https:\/\/coreupdates.avna.com\/es\/wp-json\/wp\/v2\/comments?post=7282"}],"version-history":[{"count":27,"href":"https:\/\/coreupdates.avna.com\/es\/wp-json\/wp\/v2\/pages\/7282\/revisions"}],"predecessor-version":[{"id":12399,"href":"https:\/\/coreupdates.avna.com\/es\/wp-json\/wp\/v2\/pages\/7282\/revisions\/12399"}],"up":[{"embeddable":true,"href":"https:\/\/coreupdates.avna.com\/es\/wp-json\/wp\/v2\/pages\/7008"}],"wp:featuredmedia":[{"embeddable":true,"href":"https:\/\/coreupdates.avna.com\/es\/wp-json\/wp\/v2\/media\/7010"}],"wp:attachment":[{"href":"https:\/\/coreupdates.avna.com\/es\/wp-json\/wp\/v2\/media?parent=7282"}],"curies":[{"name":"wp","href":"https:\/\/api.w.org\/{rel}","templated":true}]}}