{"id":6904,"date":"2018-12-13T20:12:17","date_gmt":"2018-12-13T20:12:17","guid":{"rendered":"http:\/\/coreupdates.avna.com\/technical-resources\/horseshoe\/"},"modified":"2023-04-03T11:59:32","modified_gmt":"2023-04-03T15:59:32","slug":"horseshoe","status":"publish","type":"page","link":"https:\/\/coreupdates.avna.com\/es\/technical-resources\/horseshoe\/","title":{"rendered":"Dispositivo \u201cLAR\u201d en forma de Herradura"},"content":{"rendered":"\n\n<section class=\"header-block\"><figure class=\"bg\" style=\"background-image: url(https:\/\/coreupdates.avna.com\/wp-content\/uploads\/2018\/12\/Blue-Background-Treatment1.jpg); \"><\/figure><div class=\"section-wrapper\"><div class=\"text-wrapper\"><div class=\"text-background\"><\/div><div class=\"header-image unlock-bottom \" style=\"background-image: url(https:\/\/coreupdates.avna.com\/wp-content\/uploads\/2019\/01\/okay_horseshoe_professional_shot_compilation_WEB.png);\"><\/div><div class=\"header-text\"><h4><span style=\"color: #ffffff;\">Caso de estudio:<\/span><\/h4>\n<h1 class=\"large-h1\">Dispositivo LAR complejo<\/h1>\n<h4>La precisi\u00f3n, la innovaci\u00f3n y la colaboraci\u00f3n dieron como resultado el \u00e9xito, la producci\u00f3n de un dispositivo LAR (resecci\u00f3n anterior inferior) &#8230; porque \u201cClose Only Counts in Horseshoes\u201d<\/h4>\n<\/div><\/div><\/div><\/section>\n\n\n<section class=\"wp-block-smart-section-section white-background\"><div class=\"section-wrapper\">\n<h2 class=\"has-text-align-center wp-block-heading\" id=\"mce_19\">Cumplimiento de los objetivos de fabricaci\u00f3n, costo y rendimiento.<\/h2>\n\n\n\n<p>Cuando un fabricante l\u00edder de dispositivos m\u00e9dicos dise\u00f1\u00f3 un componente altamente complejo para la producci\u00f3n, necesitaban un socio de fabricaci\u00f3n que pudiera proporcionar mucho m\u00e1s que capacidades de producci\u00f3n. La experiencia de AVNA  en <a href=\"http:\/\/coreupdates.avna.com\/es\/design-support-and-development\/design-for-manufacturability\/\">dise\u00f1o de manufactura<\/a>, <a href=\"http:\/\/coreupdates.avna.com\/capabilities\/engineering\/\">ingenier\u00eda<\/a> y procesos de producci\u00f3n avanzados hizo realidad la visi\u00f3n de este subconjunto de dispositivos m\u00e9dicos.<\/p>\n\n\n\n<div id=\"metaslider-id-1896\" style=\"width: 100%; margin: 0 auto;\" class=\"ml-slider-3-99-0 metaslider metaslider-flex metaslider-1896 ml-slider ml-slider-lightbox-1-13-4 firelight-lightbox-2-3-17 ms-theme-default nav-hidden\" role=\"region\" aria-label=\"Horseshoe\" data-width=\"200\">\n    <div id=\"metaslider_container_1896\">\n        <div id=\"metaslider_1896\">\n            <ul class='slides'>\n                <li style=\"display: none; width: 100%;\" class=\"slide-1905 ms-image \" aria-roledescription=\"slide\" data-date=\"2019-01-07 21:05:39\"><a href=\"https:\/\/coreupdates.avna.com\/wp-content\/uploads\/2019\/01\/left_horseshoe_gallery_800px.jpg\" target=\"_self\" aria-label=\"View Slide Details\" class=\"metaslider_image_link\" rel=\"lightbox[1896]\"><img decoding=\"async\" src=\"https:\/\/coreupdates.avna.com\/wp-content\/uploads\/2019\/01\/left_horseshoe_gallery_800px-200x200.jpg\" height=\"200\" width=\"200\" alt=\"manufacturing of precision surgical assemblies\" class=\"slider-1896 slide-1905 msDefaultImage\" \/><\/a><\/li>\n                <li style=\"display: none; width: 100%;\" class=\"slide-1906 ms-image \" aria-roledescription=\"slide\" data-date=\"2019-01-07 21:05:44\"><a href=\"https:\/\/coreupdates.avna.com\/wp-content\/uploads\/2019\/01\/left_closeup_horseshoe_gallery_800px.jpg\" target=\"_self\" aria-label=\"View Slide Details\" class=\"metaslider_image_link\" rel=\"lightbox[1896]\"><img decoding=\"async\" src=\"https:\/\/coreupdates.avna.com\/wp-content\/uploads\/2019\/01\/left_closeup_horseshoe_gallery_800px-200x200.jpg\" height=\"200\" width=\"200\" alt=\"precision surgical assembly\" class=\"slider-1896 slide-1906 msDefaultImage\" \/><\/a><\/li>\n                <li style=\"display: none; width: 100%;\" class=\"slide-1907 ms-image \" aria-roledescription=\"slide\" data-date=\"2019-01-07 21:05:48\"><a href=\"https:\/\/coreupdates.avna.com\/wp-content\/uploads\/2019\/01\/right_horseshoe_gallery_800px.jpg\" target=\"_self\" aria-label=\"View Slide Details\" class=\"metaslider_image_link\" rel=\"lightbox[1896]\"><img decoding=\"async\" src=\"https:\/\/coreupdates.avna.com\/wp-content\/uploads\/2019\/01\/right_horseshoe_gallery_800px-200x200.jpg\" height=\"200\" width=\"200\" alt=\"medical component manufacturing\" class=\"slider-1896 slide-1907 msDefaultImage\" \/><\/a><\/li>\n                <li style=\"display: none; width: 100%;\" class=\"slide-1904 ms-image \" aria-roledescription=\"slide\" data-date=\"2019-01-07 21:05:34\"><a href=\"https:\/\/coreupdates.avna.com\/wp-content\/uploads\/2019\/01\/full_horseshoe_gallery_800px.jpg\" target=\"_self\" aria-label=\"View Slide Details\" class=\"metaslider_image_link\" rel=\"lightbox[1896]\"><img decoding=\"async\" src=\"https:\/\/coreupdates.avna.com\/wp-content\/uploads\/2019\/01\/full_horseshoe_gallery_800px-200x200.jpg\" height=\"200\" width=\"200\" alt=\"medical assembly manufacturing\" class=\"slider-1896 slide-1904 msDefaultImage\" \/><\/a><\/li>\n                <li style=\"display: none; width: 100%;\" class=\"slide-1908 ms-image \" aria-roledescription=\"slide\" data-date=\"2019-01-07 21:05:51\"><a href=\"https:\/\/coreupdates.avna.com\/wp-content\/uploads\/2019\/01\/right_closeup_horseshoe_gallery_800px.jpg\" target=\"_self\" aria-label=\"View Slide Details\" class=\"metaslider_image_link\" rel=\"lightbox[1896]\"><img decoding=\"async\" src=\"https:\/\/coreupdates.avna.com\/wp-content\/uploads\/2019\/01\/right_closeup_horseshoe_gallery_800px-200x200.jpg\" height=\"200\" width=\"200\" alt=\"\" class=\"slider-1896 slide-1908 msDefaultImage\" \/><\/a><\/li>\n            <\/ul>\n        <\/div>\n        \n    <\/div>\n<\/div>\n<\/div><\/section>\n\n\n\n<section class=\"wp-block-smart-section-section\"><div class=\"section-wrapper\">\n<div class=\"wp-block-columns has-2-columns okay-2col-table is-layout-flex wp-container-core-columns-is-layout-9d6595d7 wp-block-columns-is-layout-flex\">\n<div class=\"wp-block-column okay-2col-left is-layout-flow wp-block-column-is-layout-flow\">\n<h4 class=\"wp-block-heading\" id=\"mce_18\">Los Micrones Importan<\/h4>\n\n\n\n<p>La parte era un conjunto de yunque curvado con una matriz de cubos de grapas polares para un nuevo dispositivo LAR (resecci\u00f3n anterior inferior). Las consideraciones cr\u00edticas en la estabilidad del instrumento, la formaci\u00f3n de grapas y el posicionamiento, hicieron que el complejo dise\u00f1o fuera a\u00fan m\u00e1s desafiante. Al desarrollar procesos y tecnolog\u00eda patentados espec\u00edficamente para este proyecto, el equipo de AVNA aprovech\u00f3 su herencia de ingenier\u00eda, herramientas de precisi\u00f3n y las probadas habilidades de producci\u00f3n de su equipo multidisciplinario para entregar un ensamblaje que super\u00f3 las expectativas del cliente.<\/p>\n\n\n\n<h4 class=\"wp-block-heading\" id=\"mce_25\">Experiencia combinada<\/h4>\n\n\n\n<p>La compa\u00f1\u00eda colabor\u00f3 \u200b\u200bcon el OEM en preguntas clave de fabricaci\u00f3n para identificar procesos, tecnolog\u00edas y optimizaciones de dise\u00f1o que pudieran producir la pieza de manera precisa y consistente. Trabajando juntos, los equipos de ingenier\u00eda, producci\u00f3n y control de calidad de AVNA crearon sistemas integrados que mantendr\u00edan la precisi\u00f3n y los estrictos controles de cumplimiento en el proceso. Las decisiones cr\u00edticas de dise\u00f1o aseguraron que el conjunto de cubos polares del yunque se mantendr\u00eda estable y que los cubos formadores de grapas estar\u00edan exactamente alineados.<\/p>\n\n\n\n<h4 class=\"wp-block-heading\" id=\"mce_33\">Personalizaci\u00f3n de procesos y tecnolog\u00edas para resultados precisos<\/h4>\n\n\n\n<p>La fabricaci\u00f3n del yunque requer\u00eda la integraci\u00f3n de sofisticadas operaciones de conformado, mecanizado, soldadura l\u00e1ser, perforaci\u00f3n y acabado de metales. Un sistema l\u00e1ser patentado soldaba la pieza en una geometr\u00eda intrincada y angulada, combinando soldaduras en la parte superior e inferior de la pieza. Despu\u00e9s de la secuencia de soldadura, se perforaron agujeros con requisitos estrictos de tama\u00f1o y posici\u00f3n, combinando herramientas complejas y tecnolog\u00edas de precisi\u00f3n dise\u00f1adas espec\u00edficamente para la producci\u00f3n del subconjunto. En cada paso, se integraron tecnolog\u00edas de inspecci\u00f3n en l\u00ednea dise\u00f1adas a medida, monitoreando las condiciones dimensionales y de superficie para garantizar el cumplimiento de las especificaciones. Se implementaron sistemas de inspecci\u00f3n de visi\u00f3n basados \u200b\u200ben \u00f3ptica dise\u00f1ados a medida para mantener y verificar las caracter\u00edsticas cr\u00edticas de los componentes y los par\u00e1metros de ensamblaje, con una precisi\u00f3n reportable para cumplir con los exigentes requisitos del cliente.<\/p>\n<\/div>\n\n\n\n<div class=\"wp-block-column okay-2col-right is-layout-flow wp-block-column-is-layout-flow\">\n<section class=\"wp-block-smart-section-section callout margin-none\"><div class=\"section-wrapper\">\n<div class=\"wp-block-image padding-bottom-none\"><figure class=\"aligncenter is-resized\"><a href=\"http:\/\/coreupdates.avna.com\/es\/design-support-and-development\/nextech-labs\/\"><img decoding=\"async\" src=\"http:\/\/coreupdates.avna.com\/wp-content\/uploads\/2019\/02\/nextech_labs_600x240.png\" alt=\"\" class=\"wp-image-3264\" width=\"253\" height=\"101\" srcset=\"https:\/\/coreupdates.avna.com\/wp-content\/uploads\/2019\/02\/nextech_labs_600x240.png 600w, https:\/\/coreupdates.avna.com\/wp-content\/uploads\/2019\/02\/nextech_labs_600x240-300x120.png 300w, https:\/\/coreupdates.avna.com\/wp-content\/uploads\/2019\/02\/nextech_labs_600x240-100x40.png 100w, https:\/\/coreupdates.avna.com\/wp-content\/uploads\/2019\/02\/nextech_labs_600x240-200x80.png 200w, https:\/\/coreupdates.avna.com\/wp-content\/uploads\/2019\/02\/nextech_labs_600x240-400x160.png 400w\" sizes=\"(max-width: 253px) 100vw, 253px\" \/><\/a><\/figure><\/div>\n\n\n\n<p class=\"has-text-align-center padding-left-right\" style=\"font-size:13px\">Equipo dedicado, personal y recursos que lo llevan al mercado m\u00e1s r\u00e1pido. <a href=\"http:\/\/coreupdates.avna.com\/es\/design-support-and-development\/nextech-labs\/\">Conoce m\u00e1s.<\/a><\/p>\n\n\n\n<div class=\"wp-block-image padding-left-right margin-none\"><figure class=\"aligncenter\"><a href=\"http:\/\/coreupdates.avna.com\/es\/design-support-and-development\/nextech-labs\/\"><img decoding=\"async\" width=\"375\" height=\"342\" src=\"http:\/\/coreupdates.avna.com\/wp-content\/uploads\/2019\/03\/callout-box-layered-edit-ES.png\" alt=\"\" class=\"wp-image-7116\" srcset=\"https:\/\/coreupdates.avna.com\/wp-content\/uploads\/2019\/03\/callout-box-layered-edit-ES.png 375w, https:\/\/coreupdates.avna.com\/wp-content\/uploads\/2019\/03\/callout-box-layered-edit-ES-300x274.png 300w, https:\/\/coreupdates.avna.com\/wp-content\/uploads\/2019\/03\/callout-box-layered-edit-ES-100x91.png 100w, https:\/\/coreupdates.avna.com\/wp-content\/uploads\/2019\/03\/callout-box-layered-edit-ES-200x182.png 200w\" sizes=\"(max-width: 375px) 100vw, 375px\" \/><\/a><\/figure><\/div>\n<\/div><\/section>\n<\/div>\n<\/div>\n\n\n\n<div class=\"wp-block-media-text alignwide has-media-on-the-right is-stacked-on-mobile callout-image cta-it\" style=\"grid-template-columns:auto 49%\"><div class=\"wp-block-media-text__content\">\n<h3 class=\"wp-block-heading\" id=\"mce_21\">Cada parte es <em>Part of Something Greater<\/em><\/h3>\n\n\n\n<p class=\"has-regular-font-size\">La experiencia del equipoAVNA,  combinada con nuestra amplia tecnolog\u00eda y equipamiento, brinda soluciones para el \u00e9xito a los OEMs. Construido para la excelencia, nuestro enfoque colaborativo comienza con su consulta inicial y se mantiene consistente durante el ciclo de vida de sus componentes o conjuntos.<\/p>\n\n\n\n<p><a href=\"http:\/\/coreupdates.avna.com\/contact-us\/?lang=es\">Cont\u00e1ctenos<\/a> o programe una cita en nuestros <a href=\"http:\/\/coreupdates.avna.com\/design-support-and-development\/nextech-labs\/?lang=es\">Laboratorios NexTech<\/a> y descubra c\u00f3mo nuestra colaboraci\u00f3n centrada en el cliente mejorar\u00e1 los resultados en su pr\u00f3ximo proyecto.<\/p>\n<\/div><figure class=\"wp-block-media-text__media\"><img decoding=\"async\" width=\"818\" height=\"425\" src=\"http:\/\/coreupdates.avna.com\/wp-content\/uploads\/2019\/01\/steve_callout_images_818x425px.jpg\" alt=\"\" class=\"wp-image-2441 size-full\" srcset=\"https:\/\/coreupdates.avna.com\/wp-content\/uploads\/2019\/01\/steve_callout_images_818x425px.jpg 818w, https:\/\/coreupdates.avna.com\/wp-content\/uploads\/2019\/01\/steve_callout_images_818x425px-300x156.jpg 300w, https:\/\/coreupdates.avna.com\/wp-content\/uploads\/2019\/01\/steve_callout_images_818x425px-768x399.jpg 768w, https:\/\/coreupdates.avna.com\/wp-content\/uploads\/2019\/01\/steve_callout_images_818x425px-100x52.jpg 100w, https:\/\/coreupdates.avna.com\/wp-content\/uploads\/2019\/01\/steve_callout_images_818x425px-200x104.jpg 200w, https:\/\/coreupdates.avna.com\/wp-content\/uploads\/2019\/01\/steve_callout_images_818x425px-400x208.jpg 400w, https:\/\/coreupdates.avna.com\/wp-content\/uploads\/2019\/01\/steve_callout_images_818x425px-600x312.jpg 600w, https:\/\/coreupdates.avna.com\/wp-content\/uploads\/2019\/01\/steve_callout_images_818x425px-800x416.jpg 800w\" sizes=\"(max-width: 818px) 100vw, 818px\" \/><\/figure><\/div>\n<\/div><\/section>\n","protected":false},"excerpt":{"rendered":"","protected":false},"author":1,"featured_media":6708,"parent":6891,"menu_order":2,"comment_status":"closed","ping_status":"closed","template":"single.php","meta":{"_acf_changed":false,"footnotes":""},"class_list":["post-6904","page","type-page","status-publish","has-post-thumbnail","hentry"],"acf":[],"yoast_head":"<!-- This site is optimized with the Yoast SEO Premium plugin v20.12 (Yoast SEO v25.4) - https:\/\/yoast.com\/wordpress\/plugins\/seo\/ -->\n<title>Fabricaci\u00f3n de dispositivos LAR en forma de herradura | AVNA<\/title>\n<meta name=\"description\" content=\"AVNA proporcion\u00f3 ingenier\u00eda, dise\u00f1o la manufactura y producci\u00f3n personalizada para un complejo dispositivo LAR (resecci\u00f3n anterior inferior) con forma de herradura. Conozca m\u00e1s.\" \/>\n<meta name=\"robots\" content=\"index, follow, max-snippet:-1, max-image-preview:large, max-video-preview:-1\" \/>\n<link rel=\"canonical\" href=\"https:\/\/coreupdates.avna.com\/es\/technical-resources\/horseshoe\/\" \/>\n<meta property=\"og:locale\" content=\"es_ES\" \/>\n<meta property=\"og:type\" content=\"article\" \/>\n<meta property=\"og:title\" content=\"Dispositivo \u201cLAR\u201d en forma de Herradura\" \/>\n<meta property=\"og:description\" content=\"AVNA proporcion\u00f3 ingenier\u00eda, dise\u00f1o la manufactura y producci\u00f3n personalizada para un complejo dispositivo LAR (resecci\u00f3n anterior inferior) con forma de herradura. Conozca m\u00e1s.\" \/>\n<meta property=\"og:url\" content=\"https:\/\/coreupdates.avna.com\/es\/technical-resources\/horseshoe\/\" \/>\n<meta property=\"og:site_name\" content=\"AVNA\" \/>\n<meta property=\"article:modified_time\" content=\"2023-04-03T15:59:32+00:00\" \/>\n<meta property=\"og:image\" content=\"https:\/\/coreupdates.avna.com\/wp-content\/uploads\/2018\/12\/Blue-Background-Treatment1.jpg\" \/>\n\t<meta property=\"og:image:width\" content=\"3000\" \/>\n\t<meta property=\"og:image:height\" content=\"1080\" \/>\n\t<meta property=\"og:image:type\" content=\"image\/jpeg\" \/>\n<meta name=\"twitter:card\" content=\"summary_large_image\" \/>\n<meta name=\"twitter:label1\" content=\"Tiempo de lectura\" \/>\n\t<meta name=\"twitter:data1\" content=\"3 minutos\" \/>\n<script type=\"application\/ld+json\" class=\"yoast-schema-graph\">{\"@context\":\"https:\/\/schema.org\",\"@graph\":[{\"@type\":\"WebPage\",\"@id\":\"https:\/\/coreupdates.avna.com\/es\/technical-resources\/horseshoe\/\",\"url\":\"https:\/\/coreupdates.avna.com\/es\/technical-resources\/horseshoe\/\",\"name\":\"Fabricaci\u00f3n de dispositivos LAR en forma de herradura | AVNA\",\"isPartOf\":{\"@id\":\"https:\/\/coreupdates.avna.com\/es\/#website\"},\"primaryImageOfPage\":{\"@id\":\"https:\/\/coreupdates.avna.com\/es\/technical-resources\/horseshoe\/#primaryimage\"},\"image\":{\"@id\":\"https:\/\/coreupdates.avna.com\/es\/technical-resources\/horseshoe\/#primaryimage\"},\"thumbnailUrl\":\"https:\/\/coreupdates.avna.com\/wp-content\/uploads\/2018\/12\/Blue-Background-Treatment1.jpg\",\"datePublished\":\"2018-12-13T20:12:17+00:00\",\"dateModified\":\"2023-04-03T15:59:32+00:00\",\"description\":\"AVNA proporcion\u00f3 ingenier\u00eda, dise\u00f1o la manufactura y producci\u00f3n personalizada para un complejo dispositivo LAR (resecci\u00f3n anterior inferior) con forma de herradura. Conozca m\u00e1s.\",\"breadcrumb\":{\"@id\":\"https:\/\/coreupdates.avna.com\/es\/technical-resources\/horseshoe\/#breadcrumb\"},\"inLanguage\":\"es\",\"potentialAction\":[{\"@type\":\"ReadAction\",\"target\":[\"https:\/\/coreupdates.avna.com\/es\/technical-resources\/horseshoe\/\"]}]},{\"@type\":\"ImageObject\",\"inLanguage\":\"es\",\"@id\":\"https:\/\/coreupdates.avna.com\/es\/technical-resources\/horseshoe\/#primaryimage\",\"url\":\"https:\/\/coreupdates.avna.com\/wp-content\/uploads\/2018\/12\/Blue-Background-Treatment1.jpg\",\"contentUrl\":\"https:\/\/coreupdates.avna.com\/wp-content\/uploads\/2018\/12\/Blue-Background-Treatment1.jpg\",\"width\":3000,\"height\":1080},{\"@type\":\"BreadcrumbList\",\"@id\":\"https:\/\/coreupdates.avna.com\/es\/technical-resources\/horseshoe\/#breadcrumb\",\"itemListElement\":[{\"@type\":\"ListItem\",\"position\":1,\"name\":\"Home\",\"item\":\"https:\/\/coreupdates.avna.com\/es\/\"},{\"@type\":\"ListItem\",\"position\":2,\"name\":\"Estudios de caso\",\"item\":\"https:\/\/coreupdates.avna.com\/es\/technical-resources\/\"},{\"@type\":\"ListItem\",\"position\":3,\"name\":\"Dispositivo \u201cLAR\u201d en forma de Herradura\"}]},{\"@type\":\"WebSite\",\"@id\":\"https:\/\/coreupdates.avna.com\/es\/#website\",\"url\":\"https:\/\/coreupdates.avna.com\/es\/\",\"name\":\"AVNA\",\"description\":\"Innovation Partners for Life\",\"publisher\":{\"@id\":\"https:\/\/coreupdates.avna.com\/es\/#organization\"},\"potentialAction\":[{\"@type\":\"SearchAction\",\"target\":{\"@type\":\"EntryPoint\",\"urlTemplate\":\"https:\/\/coreupdates.avna.com\/es\/?s={search_term_string}\"},\"query-input\":{\"@type\":\"PropertyValueSpecification\",\"valueRequired\":true,\"valueName\":\"search_term_string\"}}],\"inLanguage\":\"es\"},{\"@type\":\"Organization\",\"@id\":\"https:\/\/coreupdates.avna.com\/es\/#organization\",\"name\":\"AVNA\",\"url\":\"https:\/\/coreupdates.avna.com\/es\/\",\"logo\":{\"@type\":\"ImageObject\",\"inLanguage\":\"es\",\"@id\":\"https:\/\/coreupdates.avna.com\/es\/#\/schema\/logo\/image\/\",\"url\":\"http:\/\/coreupdates.avna.com\/wp-content\/uploads\/2023\/12\/logo-0.png\",\"contentUrl\":\"http:\/\/coreupdates.avna.com\/wp-content\/uploads\/2023\/12\/logo-0.png\",\"width\":387,\"height\":275,\"caption\":\"AVNA\"},\"image\":{\"@id\":\"https:\/\/coreupdates.avna.com\/es\/#\/schema\/logo\/image\/\"}}]}<\/script>\n<!-- \/ Yoast SEO Premium plugin. -->","yoast_head_json":{"title":"Fabricaci\u00f3n de dispositivos LAR en forma de herradura | AVNA","description":"AVNA proporcion\u00f3 ingenier\u00eda, dise\u00f1o la manufactura y producci\u00f3n personalizada para un complejo dispositivo LAR (resecci\u00f3n anterior inferior) con forma de herradura. Conozca m\u00e1s.","robots":{"index":"index","follow":"follow","max-snippet":"max-snippet:-1","max-image-preview":"max-image-preview:large","max-video-preview":"max-video-preview:-1"},"canonical":"https:\/\/coreupdates.avna.com\/es\/technical-resources\/horseshoe\/","og_locale":"es_ES","og_type":"article","og_title":"Dispositivo \u201cLAR\u201d en forma de Herradura","og_description":"AVNA proporcion\u00f3 ingenier\u00eda, dise\u00f1o la manufactura y producci\u00f3n personalizada para un complejo dispositivo LAR (resecci\u00f3n anterior inferior) con forma de herradura. Conozca m\u00e1s.","og_url":"https:\/\/coreupdates.avna.com\/es\/technical-resources\/horseshoe\/","og_site_name":"AVNA","article_modified_time":"2023-04-03T15:59:32+00:00","og_image":[{"width":3000,"height":1080,"url":"https:\/\/coreupdates.avna.com\/wp-content\/uploads\/2018\/12\/Blue-Background-Treatment1.jpg","type":"image\/jpeg"}],"twitter_card":"summary_large_image","twitter_misc":{"Tiempo de lectura":"3 minutos"},"schema":{"@context":"https:\/\/schema.org","@graph":[{"@type":"WebPage","@id":"https:\/\/coreupdates.avna.com\/es\/technical-resources\/horseshoe\/","url":"https:\/\/coreupdates.avna.com\/es\/technical-resources\/horseshoe\/","name":"Fabricaci\u00f3n de dispositivos LAR en forma de herradura | AVNA","isPartOf":{"@id":"https:\/\/coreupdates.avna.com\/es\/#website"},"primaryImageOfPage":{"@id":"https:\/\/coreupdates.avna.com\/es\/technical-resources\/horseshoe\/#primaryimage"},"image":{"@id":"https:\/\/coreupdates.avna.com\/es\/technical-resources\/horseshoe\/#primaryimage"},"thumbnailUrl":"https:\/\/coreupdates.avna.com\/wp-content\/uploads\/2018\/12\/Blue-Background-Treatment1.jpg","datePublished":"2018-12-13T20:12:17+00:00","dateModified":"2023-04-03T15:59:32+00:00","description":"AVNA proporcion\u00f3 ingenier\u00eda, dise\u00f1o la manufactura y producci\u00f3n personalizada para un complejo dispositivo LAR (resecci\u00f3n anterior inferior) con forma de herradura. Conozca m\u00e1s.","breadcrumb":{"@id":"https:\/\/coreupdates.avna.com\/es\/technical-resources\/horseshoe\/#breadcrumb"},"inLanguage":"es","potentialAction":[{"@type":"ReadAction","target":["https:\/\/coreupdates.avna.com\/es\/technical-resources\/horseshoe\/"]}]},{"@type":"ImageObject","inLanguage":"es","@id":"https:\/\/coreupdates.avna.com\/es\/technical-resources\/horseshoe\/#primaryimage","url":"https:\/\/coreupdates.avna.com\/wp-content\/uploads\/2018\/12\/Blue-Background-Treatment1.jpg","contentUrl":"https:\/\/coreupdates.avna.com\/wp-content\/uploads\/2018\/12\/Blue-Background-Treatment1.jpg","width":3000,"height":1080},{"@type":"BreadcrumbList","@id":"https:\/\/coreupdates.avna.com\/es\/technical-resources\/horseshoe\/#breadcrumb","itemListElement":[{"@type":"ListItem","position":1,"name":"Home","item":"https:\/\/coreupdates.avna.com\/es\/"},{"@type":"ListItem","position":2,"name":"Estudios de caso","item":"https:\/\/coreupdates.avna.com\/es\/technical-resources\/"},{"@type":"ListItem","position":3,"name":"Dispositivo \u201cLAR\u201d en forma de Herradura"}]},{"@type":"WebSite","@id":"https:\/\/coreupdates.avna.com\/es\/#website","url":"https:\/\/coreupdates.avna.com\/es\/","name":"AVNA","description":"Innovation Partners for Life","publisher":{"@id":"https:\/\/coreupdates.avna.com\/es\/#organization"},"potentialAction":[{"@type":"SearchAction","target":{"@type":"EntryPoint","urlTemplate":"https:\/\/coreupdates.avna.com\/es\/?s={search_term_string}"},"query-input":{"@type":"PropertyValueSpecification","valueRequired":true,"valueName":"search_term_string"}}],"inLanguage":"es"},{"@type":"Organization","@id":"https:\/\/coreupdates.avna.com\/es\/#organization","name":"AVNA","url":"https:\/\/coreupdates.avna.com\/es\/","logo":{"@type":"ImageObject","inLanguage":"es","@id":"https:\/\/coreupdates.avna.com\/es\/#\/schema\/logo\/image\/","url":"http:\/\/coreupdates.avna.com\/wp-content\/uploads\/2023\/12\/logo-0.png","contentUrl":"http:\/\/coreupdates.avna.com\/wp-content\/uploads\/2023\/12\/logo-0.png","width":387,"height":275,"caption":"AVNA"},"image":{"@id":"https:\/\/coreupdates.avna.com\/es\/#\/schema\/logo\/image\/"}}]}},"_links":{"self":[{"href":"https:\/\/coreupdates.avna.com\/es\/wp-json\/wp\/v2\/pages\/6904","targetHints":{"allow":["GET"]}}],"collection":[{"href":"https:\/\/coreupdates.avna.com\/es\/wp-json\/wp\/v2\/pages"}],"about":[{"href":"https:\/\/coreupdates.avna.com\/es\/wp-json\/wp\/v2\/types\/page"}],"author":[{"embeddable":true,"href":"https:\/\/coreupdates.avna.com\/es\/wp-json\/wp\/v2\/users\/1"}],"replies":[{"embeddable":true,"href":"https:\/\/coreupdates.avna.com\/es\/wp-json\/wp\/v2\/comments?post=6904"}],"version-history":[{"count":15,"href":"https:\/\/coreupdates.avna.com\/es\/wp-json\/wp\/v2\/pages\/6904\/revisions"}],"predecessor-version":[{"id":11298,"href":"https:\/\/coreupdates.avna.com\/es\/wp-json\/wp\/v2\/pages\/6904\/revisions\/11298"}],"up":[{"embeddable":true,"href":"https:\/\/coreupdates.avna.com\/es\/wp-json\/wp\/v2\/pages\/6891"}],"wp:featuredmedia":[{"embeddable":true,"href":"https:\/\/coreupdates.avna.com\/es\/wp-json\/wp\/v2\/media\/6708"}],"wp:attachment":[{"href":"https:\/\/coreupdates.avna.com\/es\/wp-json\/wp\/v2\/media?parent=6904"}],"curies":[{"name":"wp","href":"https:\/\/api.w.org\/{rel}","templated":true}]}}