{"id":6867,"date":"2018-12-13T20:12:17","date_gmt":"2018-12-13T20:12:17","guid":{"rendered":"http:\/\/coreupdates.avna.com\/design-support-and-development\/laserworks\/"},"modified":"2022-12-09T15:35:39","modified_gmt":"2022-12-09T20:35:39","slug":"laserworks","status":"publish","type":"page","link":"https:\/\/coreupdates.avna.com\/es\/design-support-and-development\/laserworks\/","title":{"rendered":"LaserWorks"},"content":{"rendered":"\n\n<section class=\"header-block\"><figure class=\"bg\" style=\"background-image: url(https:\/\/coreupdates.avna.com\/wp-content\/uploads\/2018\/12\/Blue-Background-Treatment4.jpg); \"><\/figure><div class=\"section-wrapper\"><div class=\"text-wrapper\"><div class=\"text-background\"><\/div><div class=\"header-image unlock-bottom \" style=\"background-image: url(https:\/\/coreupdates.avna.com\/wp-content\/uploads\/2019\/09\/okay-complete-part.png);\"><\/div><div class=\"header-text\"><h1>Desarrollo de prototipos m\u00e9dicos<\/h1>\n<h2>Laboratorios NexTech: LaserWorks<\/h2>\n<p><strong>LaserWorks es nuestro laboratorio dedicado de prototipos l\u00e1ser, con equipos, software y experiencia que lo llevan al mercado m\u00e1s r\u00e1pido.<\/strong><\/p>\n<p>Colabore con nuestros ingenieros de Laserworks para sus necesidades de corte por l\u00e1ser de prototipo, soldadura y tratamiento de marcado, mientras controla los costos y optimiza la capacidad de fabricaci\u00f3n. Con recursos dedicados, LaserWorks pone a su servicio las herramientas necesarias para el refinamiento r\u00e1pido de los componentes cr\u00edticos de sus dispositivos m\u00e9dicos. Crearemos procesos y soluciones personalizados, desarrollando prototipos de corte, soldadura y marcado l\u00e1ser que le ayudar\u00e1n a prepararse para la producci\u00f3n a gran escala<strong>.<\/strong><\/p>\n<\/div><\/div><\/div><\/section>\n\n\n<section class=\"wp-block-smart-section-section white-background\"><div class=\"section-wrapper\">\n<h2 class=\"has-text-align-center wp-block-heading\" id=\"mce_19\">Las herramientas y la experiencia que mejoran los resultados<\/h2>\n\n\n\n<p>Nuestros ingenieros especializados en procesos l\u00e1ser colaborar\u00e1n con usted para desarrollar soluciones expertas en corte por l\u00e1ser de prototipo, soldadura y tratamiento de marcado, creando soluciones personalizadas que lo ayudan a optimizar la producci\u00f3n, controlar los costos y optimizar el rendimiento de sus componentes m\u00e9dicos.<\/p>\n\n\n\n<div class=\"alignnormal\"><div id=\"metaslider-id-485\" style=\"width: 100%; margin: 0 auto;\" class=\"ml-slider-3-99-0 metaslider metaslider-flex metaslider-485 ml-slider ml-slider-lightbox-1-13-4 firelight-lightbox-2-3-17 ms-theme-default nav-hidden\" role=\"region\" aria-label=\"LaserWorks Slideshow\" data-width=\"200\">\n    <div id=\"metaslider_container_485\">\n        <div id=\"metaslider_485\">\n            <ul class='slides'>\n                <li style=\"display: none; width: 100%;\" class=\"slide-490 ms-image \" aria-roledescription=\"slide\" data-date=\"2018-12-26 10:15:36\"><a href=\"https:\/\/coreupdates.avna.com\/wp-content\/uploads\/2018\/12\/Collaboration_2_rev1_1200px.png\" target=\"_self\" aria-label=\"View Slide Details\" class=\"metaslider_image_link\" rel=\"lightbox[485]\"><img decoding=\"async\" src=\"https:\/\/coreupdates.avna.com\/wp-content\/uploads\/2018\/12\/Collaboration_2_rev1_1200px-200x200.png\" height=\"200\" width=\"200\" alt=\"engineering collaboration\" class=\"slider-485 slide-490 msDefaultImage\" \/><\/a><\/li>\n                <li style=\"display: none; width: 100%;\" class=\"slide-489 ms-image \" aria-roledescription=\"slide\" data-date=\"2018-12-26 10:15:28\"><a href=\"https:\/\/coreupdates.avna.com\/wp-content\/uploads\/2018\/12\/Tube-Merged_1200px.png\" target=\"_self\" aria-label=\"View Slide Details\" class=\"metaslider_image_link\" rel=\"lightbox[485]\"><img decoding=\"async\" src=\"https:\/\/coreupdates.avna.com\/wp-content\/uploads\/2018\/12\/Tube-Merged_1200px-200x200.png\" height=\"200\" width=\"200\" alt=\"medical device component manufacturing\" class=\"slider-485 slide-489 msDefaultImage\" \/><\/a><\/li>\n                <li style=\"display: none; width: 100%;\" class=\"slide-2888 ms-image \" aria-roledescription=\"slide\" data-date=\"2019-01-24 16:44:55\"><a href=\"https:\/\/coreupdates.avna.com\/wp-content\/uploads\/2019\/01\/laser_cut_tubing_video_clip_1200x880px.jpg\" target=\"_self\" aria-label=\"View Slide Details\" class=\"metaslider_image_link\" rel=\"lightbox[485]\"><img decoding=\"async\" src=\"https:\/\/coreupdates.avna.com\/wp-content\/uploads\/2019\/01\/laser_cut_tubing_video_clip_1200x880px-200x200.jpg\" height=\"200\" width=\"200\" alt=\"laser tube cutting capabilities\" class=\"slider-485 slide-2888 msDefaultImage\" \/><\/a><\/li>\n                <li style=\"display: none; width: 100%;\" class=\"slide-2892 ms-image \" aria-roledescription=\"slide\" data-date=\"2019-01-24 16:46:21\"><a href=\"https:\/\/coreupdates.avna.com\/wp-content\/uploads\/2019\/01\/laserworks_video_clip_1200x880px-1.jpg\" target=\"_self\" aria-label=\"View Slide Details\" class=\"metaslider_image_link\" rel=\"lightbox[485]\"><img decoding=\"async\" src=\"https:\/\/coreupdates.avna.com\/wp-content\/uploads\/2019\/01\/laserworks_video_clip_1200x880px-1-200x200.jpg\" height=\"200\" width=\"200\" alt=\"metal laser cutting for manufacturing\" class=\"slider-485 slide-2892 msDefaultImage\" \/><\/a><\/li>\n            <\/ul>\n        <\/div>\n        \n    <\/div>\n<\/div><\/div>\n<\/div><\/section>\n\n\n\n<section class=\"wp-block-smart-section-section\"><div class=\"section-wrapper\">\n<figure class=\"wp-block-embed alignright is-type-video is-provider-youtube wp-block-embed-youtube wp-embed-aspect-16-9 wp-has-aspect-ratio\"><div class=\"wp-block-embed__wrapper\">\n<iframe loading=\"lazy\" title=\"Okay Laserworks\" width=\"500\" height=\"281\" src=\"https:\/\/www.youtube.com\/embed\/jTI18SBhzY4?feature=oembed\" frameborder=\"0\" allow=\"accelerometer; autoplay; clipboard-write; encrypted-media; gyroscope; picture-in-picture; web-share\" referrerpolicy=\"strict-origin-when-cross-origin\" allowfullscreen><\/iframe>\n<\/div><figcaption class=\"wp-element-caption\"> Nuestro equipo dedicado de LaserWorks Lab y su equipamiento est\u00e1n listos para desarrollar soluciones personalizadas de procesamiento l\u00e1ser y soluciones de prototipos de corte por l\u00e1ser que lo llevar\u00e1n al mercado m\u00e1s r\u00e1pido.  <\/figcaption><\/figure>\n\n\n\n<p>AVNA LaserWorks es un laboratorio interactivo de I+D que fomenta la colaboraci\u00f3n y la eficiencia con nuestros servicios de corte por l\u00e1ser, soldadura y marcado. Nuestros expertos trabajan con usted para desarrollar formas innovadoras y rentables de llevar sus componentes m\u00e9dicos desde el dise\u00f1o hasta la fabricaci\u00f3n. Con los recursos dedicados de LaserWorks, tiene todas las herramientas que necesita al alcance de la mano, incluyendo:<\/p>\n\n\n\n<ul class=\"wp-block-list\">\n<li>Acceso a nuestro laboratorio totalmente equipado con capacidades de corte por l\u00e1ser, soldadura, marcado y tratamiento de superficies<\/li>\n\n\n\n<li>Uso de software de dise\u00f1o avanzado e integrado<\/li>\n\n\n\n<li>Colaboraci\u00f3n de dise\u00f1o con ingenieros de corte de l\u00e1ser de prototipos y expertos en producci\u00f3n deAVNA <\/li>\n\n\n\n<li>Prototipos pr\u00e1cticos y de r\u00e1pida entrega para proyectos de corte por l\u00e1ser y procesamiento por l\u00e1ser<\/li>\n<\/ul>\n\n\n\n<h2 class=\"wp-block-heading\" id=\"h-su-socio-de-excelencia-en-el-desarrollo-de-prototipos-medicos\">Su socio de excelencia en el desarrollo de prototipos m\u00e9dicos<\/h2>\n\n\n\n<p>Nuestros equipos de ingenier\u00eda multidisciplinarios est\u00e1n listos para colaborar con usted para resolver los desaf\u00edos de dise\u00f1o y producci\u00f3n m\u00e1s complejos. Nuestras capacidades de fabricaci\u00f3n de componentes m\u00e9dicos personalizados, incluidos LaserWorks y <a href=\"http:\/\/coreupdates.avna.com\/es\/design-support-and-development\/nextech-labs\/\">NexTech Labs<\/a>, nuestros innovadores centros de investigaci\u00f3n y desarrollo de prototipos de dispositivos m\u00e9dicos, est\u00e1n dise\u00f1ados para ayudarlo a alcanzar sus objetivos de cumplimiento de precisi\u00f3n, costos m\u00e1s bajos y velocidad de comercializaci\u00f3n m\u00e1s r\u00e1pida. Conozca nuestros servicios de <a href=\"http:\/\/coreupdates.avna.com\/es\/design-support-and-development\/\">desarrollo de prototipos de dispositivos m\u00e9dicos<\/a>, procesos y soporte de DFM.<\/p>\n\n\n\n<hr class=\"wp-block-separator has-css-opacity invisible\"\/>\n\n\n\n<div class=\"wp-block-media-text alignwide has-media-on-the-right is-stacked-on-mobile callout-image cta-it\" style=\"grid-template-columns:auto 48%\"><div class=\"wp-block-media-text__content\">\n<h3 class=\"wp-block-heading\"><strong>Servicios de corte de l\u00e1ser de prototipos y procesamiento por l\u00e1ser que son Part of Something Greater<\/strong><\/h3>\n\n\n\n<p class=\"has-regular-font-size\">Nuestro equipo est\u00e1 listo para que los recursos, la experiencia y las soluciones para su proyecto se dise\u00f1en a medida para ser <em>Part of Something Greater<\/em>. Programe un horario para visitar NexTech Labs y le proporcionaremos el desarrollo del proceso y la fabricaci\u00f3n de prototipos para dispositivos m\u00e9dicos que superar\u00e1n sus expectativas de calidad y excelencia.<\/p>\n\n\n\n<p><a href=\"http:\/\/coreupdates.avna.com\/es\/contact-us\/\">Cont\u00e1ctenos<\/a> o programe una cita en nuestros <a href=\"http:\/\/coreupdates.avna.com\/es\/design-support-and-development\/nextech-labs\/\">Laboratorios NexTech<\/a> y descubra c\u00f3mo nuestra colaboraci\u00f3n centrada en el cliente mejorar\u00e1 los resultados en su pr\u00f3ximo proyecto<\/p>\n<\/div><figure class=\"wp-block-media-text__media\"><img decoding=\"async\" width=\"1200\" height=\"674\" src=\"http:\/\/coreupdates.avna.com\/wp-content\/uploads\/2018\/12\/OKAY-Laserworks-Room_Photoshop.jpg\" alt=\"\" class=\"wp-image-788 size-full\" srcset=\"https:\/\/coreupdates.avna.com\/wp-content\/uploads\/2018\/12\/OKAY-Laserworks-Room_Photoshop.jpg 1200w, https:\/\/coreupdates.avna.com\/wp-content\/uploads\/2018\/12\/OKAY-Laserworks-Room_Photoshop-300x169.jpg 300w, https:\/\/coreupdates.avna.com\/wp-content\/uploads\/2018\/12\/OKAY-Laserworks-Room_Photoshop-768x431.jpg 768w, https:\/\/coreupdates.avna.com\/wp-content\/uploads\/2018\/12\/OKAY-Laserworks-Room_Photoshop-100x56.jpg 100w, https:\/\/coreupdates.avna.com\/wp-content\/uploads\/2018\/12\/OKAY-Laserworks-Room_Photoshop-200x112.jpg 200w, https:\/\/coreupdates.avna.com\/wp-content\/uploads\/2018\/12\/OKAY-Laserworks-Room_Photoshop-400x225.jpg 400w, https:\/\/coreupdates.avna.com\/wp-content\/uploads\/2018\/12\/OKAY-Laserworks-Room_Photoshop-600x337.jpg 600w, https:\/\/coreupdates.avna.com\/wp-content\/uploads\/2018\/12\/OKAY-Laserworks-Room_Photoshop-800x449.jpg 800w\" sizes=\"(max-width: 1200px) 100vw, 1200px\" \/><\/figure><\/div>\n<\/div><\/section>\n","protected":false},"excerpt":{"rendered":"","protected":false},"author":1,"featured_media":6634,"parent":6836,"menu_order":2,"comment_status":"closed","ping_status":"closed","template":"","meta":{"_acf_changed":false,"footnotes":""},"class_list":["post-6867","page","type-page","status-publish","has-post-thumbnail","hentry"],"acf":[],"yoast_head":"<!-- This site is optimized with the Yoast SEO Premium plugin v20.12 (Yoast SEO v25.4) - https:\/\/yoast.com\/wordpress\/plugins\/seo\/ -->\n<title>LaserWorks Prototipo de corte por l\u00e1ser AVNA<\/title>\n<meta name=\"description\" content=\"Equipo dedicado, software y experiencia para su dise\u00f1o: conozca c\u00f3mo el prototipo de corte y desarrollo por l\u00e1ser de LaserWorks puede ayudarlo con su proyecto.\" \/>\n<meta name=\"robots\" content=\"index, follow, max-snippet:-1, max-image-preview:large, max-video-preview:-1\" \/>\n<link rel=\"canonical\" href=\"https:\/\/coreupdates.avna.com\/es\/design-support-and-development\/laserworks\/\" \/>\n<meta property=\"og:locale\" content=\"es_ES\" \/>\n<meta property=\"og:type\" content=\"article\" \/>\n<meta property=\"og:title\" content=\"LaserWorks\" \/>\n<meta property=\"og:description\" content=\"Equipo dedicado, software y experiencia para su dise\u00f1o: conozca c\u00f3mo el prototipo de corte y desarrollo por l\u00e1ser de LaserWorks puede ayudarlo con su proyecto.\" \/>\n<meta property=\"og:url\" content=\"https:\/\/coreupdates.avna.com\/es\/design-support-and-development\/laserworks\/\" \/>\n<meta property=\"og:site_name\" content=\"AVNA\" \/>\n<meta property=\"article:modified_time\" content=\"2022-12-09T20:35:39+00:00\" \/>\n<meta property=\"og:image\" content=\"https:\/\/coreupdates.avna.com\/wp-content\/uploads\/2018\/12\/Blue-Background-Treatment4.jpg\" \/>\n\t<meta property=\"og:image:width\" content=\"3000\" \/>\n\t<meta property=\"og:image:height\" content=\"1080\" \/>\n\t<meta property=\"og:image:type\" content=\"image\/jpeg\" \/>\n<meta name=\"twitter:card\" content=\"summary_large_image\" \/>\n<meta name=\"twitter:label1\" content=\"Tiempo de lectura\" \/>\n\t<meta name=\"twitter:data1\" content=\"2 minutos\" \/>\n<script type=\"application\/ld+json\" class=\"yoast-schema-graph\">{\"@context\":\"https:\/\/schema.org\",\"@graph\":[{\"@type\":\"WebPage\",\"@id\":\"https:\/\/coreupdates.avna.com\/es\/design-support-and-development\/laserworks\/\",\"url\":\"https:\/\/coreupdates.avna.com\/es\/design-support-and-development\/laserworks\/\",\"name\":\"LaserWorks Prototipo de corte por l\u00e1ser AVNA\",\"isPartOf\":{\"@id\":\"https:\/\/coreupdates.avna.com\/es\/#website\"},\"primaryImageOfPage\":{\"@id\":\"https:\/\/coreupdates.avna.com\/es\/design-support-and-development\/laserworks\/#primaryimage\"},\"image\":{\"@id\":\"https:\/\/coreupdates.avna.com\/es\/design-support-and-development\/laserworks\/#primaryimage\"},\"thumbnailUrl\":\"https:\/\/coreupdates.avna.com\/wp-content\/uploads\/2018\/12\/Blue-Background-Treatment4.jpg\",\"datePublished\":\"2018-12-13T20:12:17+00:00\",\"dateModified\":\"2022-12-09T20:35:39+00:00\",\"description\":\"Equipo dedicado, software y experiencia para su dise\u00f1o: conozca c\u00f3mo el prototipo de corte y desarrollo por l\u00e1ser de LaserWorks puede ayudarlo con su proyecto.\",\"breadcrumb\":{\"@id\":\"https:\/\/coreupdates.avna.com\/es\/design-support-and-development\/laserworks\/#breadcrumb\"},\"inLanguage\":\"es\",\"potentialAction\":[{\"@type\":\"ReadAction\",\"target\":[\"https:\/\/coreupdates.avna.com\/es\/design-support-and-development\/laserworks\/\"]}]},{\"@type\":\"ImageObject\",\"inLanguage\":\"es\",\"@id\":\"https:\/\/coreupdates.avna.com\/es\/design-support-and-development\/laserworks\/#primaryimage\",\"url\":\"https:\/\/coreupdates.avna.com\/wp-content\/uploads\/2018\/12\/Blue-Background-Treatment4.jpg\",\"contentUrl\":\"https:\/\/coreupdates.avna.com\/wp-content\/uploads\/2018\/12\/Blue-Background-Treatment4.jpg\",\"width\":3000,\"height\":1080},{\"@type\":\"BreadcrumbList\",\"@id\":\"https:\/\/coreupdates.avna.com\/es\/design-support-and-development\/laserworks\/#breadcrumb\",\"itemListElement\":[{\"@type\":\"ListItem\",\"position\":1,\"name\":\"Home\",\"item\":\"https:\/\/coreupdates.avna.com\/es\/\"},{\"@type\":\"ListItem\",\"position\":2,\"name\":\"Prototipos y apoyo a I+D\",\"item\":\"https:\/\/coreupdates.avna.com\/es\/design-support-and-development\/\"},{\"@type\":\"ListItem\",\"position\":3,\"name\":\"LaserWorks\"}]},{\"@type\":\"WebSite\",\"@id\":\"https:\/\/coreupdates.avna.com\/es\/#website\",\"url\":\"https:\/\/coreupdates.avna.com\/es\/\",\"name\":\"AVNA\",\"description\":\"Innovation Partners for Life\",\"publisher\":{\"@id\":\"https:\/\/coreupdates.avna.com\/es\/#organization\"},\"potentialAction\":[{\"@type\":\"SearchAction\",\"target\":{\"@type\":\"EntryPoint\",\"urlTemplate\":\"https:\/\/coreupdates.avna.com\/es\/?s={search_term_string}\"},\"query-input\":{\"@type\":\"PropertyValueSpecification\",\"valueRequired\":true,\"valueName\":\"search_term_string\"}}],\"inLanguage\":\"es\"},{\"@type\":\"Organization\",\"@id\":\"https:\/\/coreupdates.avna.com\/es\/#organization\",\"name\":\"AVNA\",\"url\":\"https:\/\/coreupdates.avna.com\/es\/\",\"logo\":{\"@type\":\"ImageObject\",\"inLanguage\":\"es\",\"@id\":\"https:\/\/coreupdates.avna.com\/es\/#\/schema\/logo\/image\/\",\"url\":\"http:\/\/coreupdates.avna.com\/wp-content\/uploads\/2023\/12\/logo-0.png\",\"contentUrl\":\"http:\/\/coreupdates.avna.com\/wp-content\/uploads\/2023\/12\/logo-0.png\",\"width\":387,\"height\":275,\"caption\":\"AVNA\"},\"image\":{\"@id\":\"https:\/\/coreupdates.avna.com\/es\/#\/schema\/logo\/image\/\"}}]}<\/script>\n<!-- \/ Yoast SEO Premium plugin. -->","yoast_head_json":{"title":"LaserWorks Prototipo de corte por l\u00e1ser AVNA","description":"Equipo dedicado, software y experiencia para su dise\u00f1o: conozca c\u00f3mo el prototipo de corte y desarrollo por l\u00e1ser de LaserWorks puede ayudarlo con su proyecto.","robots":{"index":"index","follow":"follow","max-snippet":"max-snippet:-1","max-image-preview":"max-image-preview:large","max-video-preview":"max-video-preview:-1"},"canonical":"https:\/\/coreupdates.avna.com\/es\/design-support-and-development\/laserworks\/","og_locale":"es_ES","og_type":"article","og_title":"LaserWorks","og_description":"Equipo dedicado, software y experiencia para su dise\u00f1o: conozca c\u00f3mo el prototipo de corte y desarrollo por l\u00e1ser de LaserWorks puede ayudarlo con su proyecto.","og_url":"https:\/\/coreupdates.avna.com\/es\/design-support-and-development\/laserworks\/","og_site_name":"AVNA","article_modified_time":"2022-12-09T20:35:39+00:00","og_image":[{"width":3000,"height":1080,"url":"https:\/\/coreupdates.avna.com\/wp-content\/uploads\/2018\/12\/Blue-Background-Treatment4.jpg","type":"image\/jpeg"}],"twitter_card":"summary_large_image","twitter_misc":{"Tiempo de lectura":"2 minutos"},"schema":{"@context":"https:\/\/schema.org","@graph":[{"@type":"WebPage","@id":"https:\/\/coreupdates.avna.com\/es\/design-support-and-development\/laserworks\/","url":"https:\/\/coreupdates.avna.com\/es\/design-support-and-development\/laserworks\/","name":"LaserWorks Prototipo de corte por l\u00e1ser AVNA","isPartOf":{"@id":"https:\/\/coreupdates.avna.com\/es\/#website"},"primaryImageOfPage":{"@id":"https:\/\/coreupdates.avna.com\/es\/design-support-and-development\/laserworks\/#primaryimage"},"image":{"@id":"https:\/\/coreupdates.avna.com\/es\/design-support-and-development\/laserworks\/#primaryimage"},"thumbnailUrl":"https:\/\/coreupdates.avna.com\/wp-content\/uploads\/2018\/12\/Blue-Background-Treatment4.jpg","datePublished":"2018-12-13T20:12:17+00:00","dateModified":"2022-12-09T20:35:39+00:00","description":"Equipo dedicado, software y experiencia para su dise\u00f1o: conozca c\u00f3mo el prototipo de corte y desarrollo por l\u00e1ser de LaserWorks puede ayudarlo con su proyecto.","breadcrumb":{"@id":"https:\/\/coreupdates.avna.com\/es\/design-support-and-development\/laserworks\/#breadcrumb"},"inLanguage":"es","potentialAction":[{"@type":"ReadAction","target":["https:\/\/coreupdates.avna.com\/es\/design-support-and-development\/laserworks\/"]}]},{"@type":"ImageObject","inLanguage":"es","@id":"https:\/\/coreupdates.avna.com\/es\/design-support-and-development\/laserworks\/#primaryimage","url":"https:\/\/coreupdates.avna.com\/wp-content\/uploads\/2018\/12\/Blue-Background-Treatment4.jpg","contentUrl":"https:\/\/coreupdates.avna.com\/wp-content\/uploads\/2018\/12\/Blue-Background-Treatment4.jpg","width":3000,"height":1080},{"@type":"BreadcrumbList","@id":"https:\/\/coreupdates.avna.com\/es\/design-support-and-development\/laserworks\/#breadcrumb","itemListElement":[{"@type":"ListItem","position":1,"name":"Home","item":"https:\/\/coreupdates.avna.com\/es\/"},{"@type":"ListItem","position":2,"name":"Prototipos y apoyo a I+D","item":"https:\/\/coreupdates.avna.com\/es\/design-support-and-development\/"},{"@type":"ListItem","position":3,"name":"LaserWorks"}]},{"@type":"WebSite","@id":"https:\/\/coreupdates.avna.com\/es\/#website","url":"https:\/\/coreupdates.avna.com\/es\/","name":"AVNA","description":"Innovation Partners for Life","publisher":{"@id":"https:\/\/coreupdates.avna.com\/es\/#organization"},"potentialAction":[{"@type":"SearchAction","target":{"@type":"EntryPoint","urlTemplate":"https:\/\/coreupdates.avna.com\/es\/?s={search_term_string}"},"query-input":{"@type":"PropertyValueSpecification","valueRequired":true,"valueName":"search_term_string"}}],"inLanguage":"es"},{"@type":"Organization","@id":"https:\/\/coreupdates.avna.com\/es\/#organization","name":"AVNA","url":"https:\/\/coreupdates.avna.com\/es\/","logo":{"@type":"ImageObject","inLanguage":"es","@id":"https:\/\/coreupdates.avna.com\/es\/#\/schema\/logo\/image\/","url":"http:\/\/coreupdates.avna.com\/wp-content\/uploads\/2023\/12\/logo-0.png","contentUrl":"http:\/\/coreupdates.avna.com\/wp-content\/uploads\/2023\/12\/logo-0.png","width":387,"height":275,"caption":"AVNA"},"image":{"@id":"https:\/\/coreupdates.avna.com\/es\/#\/schema\/logo\/image\/"}}]}},"_links":{"self":[{"href":"https:\/\/coreupdates.avna.com\/es\/wp-json\/wp\/v2\/pages\/6867","targetHints":{"allow":["GET"]}}],"collection":[{"href":"https:\/\/coreupdates.avna.com\/es\/wp-json\/wp\/v2\/pages"}],"about":[{"href":"https:\/\/coreupdates.avna.com\/es\/wp-json\/wp\/v2\/types\/page"}],"author":[{"embeddable":true,"href":"https:\/\/coreupdates.avna.com\/es\/wp-json\/wp\/v2\/users\/1"}],"replies":[{"embeddable":true,"href":"https:\/\/coreupdates.avna.com\/es\/wp-json\/wp\/v2\/comments?post=6867"}],"version-history":[{"count":17,"href":"https:\/\/coreupdates.avna.com\/es\/wp-json\/wp\/v2\/pages\/6867\/revisions"}],"predecessor-version":[{"id":12359,"href":"https:\/\/coreupdates.avna.com\/es\/wp-json\/wp\/v2\/pages\/6867\/revisions\/12359"}],"up":[{"embeddable":true,"href":"https:\/\/coreupdates.avna.com\/es\/wp-json\/wp\/v2\/pages\/6836"}],"wp:featuredmedia":[{"embeddable":true,"href":"https:\/\/coreupdates.avna.com\/es\/wp-json\/wp\/v2\/media\/6634"}],"wp:attachment":[{"href":"https:\/\/coreupdates.avna.com\/es\/wp-json\/wp\/v2\/media?parent=6867"}],"curies":[{"name":"wp","href":"https:\/\/api.w.org\/{rel}","templated":true}]}}