{"id":6853,"date":"2018-12-13T20:12:17","date_gmt":"2018-12-13T20:12:17","guid":{"rendered":"http:\/\/coreupdates.avna.com\/design-support-and-development\/nextech-labs\/"},"modified":"2022-12-09T15:18:22","modified_gmt":"2022-12-09T20:18:22","slug":"nextech-labs","status":"publish","type":"page","link":"https:\/\/coreupdates.avna.com\/es\/design-support-and-development\/nextech-labs\/","title":{"rendered":"NexTech Labs"},"content":{"rendered":"\n\n<section class=\"header-block\"><figure class=\"bg\" style=\"background-image: url(https:\/\/coreupdates.avna.com\/wp-content\/uploads\/2018\/12\/Blue-Background-Treatment3.jpg); \"><\/figure><div class=\"section-wrapper\"><div class=\"text-wrapper\"><div class=\"text-background\"><\/div><div class=\"header-image \" style=\"background-image: url(https:\/\/coreupdates.avna.com\/wp-content\/uploads\/2019\/09\/okay-kai-5940_800x800.png);\"><\/div><div class=\"header-text\"><h1>CREACI\u00d3N DE PROTOTIPOS DE DISPOSITIVOS M\u00c9DICOS<\/h1>\n<h2>NexTech Labs<\/h2>\n<p><strong>Experiencia especializada, recursos y centros colaborativos de I+D para desarrollar prototipos de fabricaci\u00f3n de precisi\u00f3n para dispositivos m\u00e9dicos. <\/strong><\/p>\n<p>Con espacios dedicados, personal, equipos y recursos, los NexTech Labs de AVNA  ponen la \u00faltima tecnolog\u00eda a su alcance. No importa cu\u00e1l sea su pr\u00f3ximo desaf\u00edo de desarrollo, estos entornos personalizados tienen la tecnolog\u00eda que necesita para las pruebas de prototipo m\u00e9dico y sus ajustes, as\u00ed como el soporte experto de ingenier\u00eda que optimizar\u00e1 su dise\u00f1o y lo preparar\u00e1 para la producci\u00f3n. Con un enfoque en las necesidades de su proyecto espec\u00edfico y su proceso, NexTech Labs proporciona la fabricaci\u00f3n de prototipos de componentes para dispositivos m\u00e9dicos que siempre son <em>Part of Something Greater<\/em>.<\/p>\n<\/div><\/div><\/div><\/section>\n\n\n<section class=\"wp-block-smart-section-section white-background\"><div class=\"section-wrapper\">\n<h2 class=\"has-text-align-center wp-block-heading\" id=\"mce_19\"><strong>Colaboraci\u00f3n personalizada con el cliente para el desarrollo de prototipos m\u00e9dicos y procesos<\/strong><\/h2>\n\n\n\n<p>Los laboratorios NexTech Labs de AVNA,  mejoran la eficiencia y los resultados, d\u00e1ndole acceso a los equipos y recursos que lo llevar\u00e1n al mercado m\u00e1s r\u00e1pido. Nuestro equipo trabajar\u00e1 con usted para revisar las necesidades de su proyecto y el dise\u00f1o de sus componentes para desarrollar soluciones de proceso y fabricar prototipos para dispositivos m\u00e9dicos que superen sus expectativas de excelencia.<\/p>\n<\/div><\/section>\n\n\n\n<section class=\"wp-block-smart-section-section\"><div class=\"section-wrapper\">\n<div class=\"wp-block-columns has-2-columns okay-2col-table is-layout-flex wp-container-core-columns-is-layout-9d6595d7 wp-block-columns-is-layout-flex\">\n<div class=\"wp-block-column okay-2col-left is-layout-flow wp-block-column-is-layout-flow\">\n<h2 class=\"wp-block-heading\"><strong>Su socio en el desarrollo de prototipos para equipos m\u00e9dicos<\/strong><\/h2>\n\n\n\n<p>Nuestra amplia gama de conocimiento aporta a su proyecto m\u00e1s de 100 a\u00f1os de experiencia en el desarrollo de procesos y en la fabricaci\u00f3n de prototipos m\u00e9dicos. Entre ellos:<\/p>\n\n\n\n<ul class=\"wp-block-list\">\n<li>Revisiones de dise\u00f1o uno a uno con <a href=\"http:\/\/coreupdates.avna.com\/es\/capabilities\/\">ingenieros<\/a> dedicados<\/li>\n\n\n\n<li>Equipos de ingenier\u00eda multidisciplinarios, con herramientas dedicadas para la fabricaci\u00f3n, mec\u00e1nica, el\u00e9ctrica, procesamiento l\u00e1ser, <a href=\"http:\/\/coreupdates.avna.com\/es\/design-support-and-development\/design-for-manufacturability\/\">DFM<\/a> y automatizaci\u00f3n<\/li>\n\n\n\n<li>Experiencia en el dise\u00f1o y desarrollo de herramientas internas y accesorios<\/li>\n\n\n\n<li>Fabricaci\u00f3n de prototipos m\u00e9dicos de componentes de alta calidad para dispositivos<\/li>\n\n\n\n<li>Excelencia en la producci\u00f3n de <a href=\"http:\/\/coreupdates.avna.com\/es\/capabilities\/stampings-milling\/\">estampado de metales<\/a>, <a href=\"http:\/\/coreupdates.avna.com\/es\/capabilities\/stampings-milling\/\">mecanizado<\/a>, <a href=\"http:\/\/coreupdates.avna.com\/es\/capabilities\/swiss-turning-and-accu-laserswiss\/\">micromaquinado y torneado de tipo suizo<\/a>; y procesamiento por l\u00e1ser<\/li>\n\n\n\n<li>Soporte de <a href=\"http:\/\/coreupdates.avna.com\/es\/design-support-and-development\/design-for-automation\/\">dise\u00f1o para la automatizaci\u00f3n<\/a> para ensamblaje de precisi\u00f3n<\/li>\n<\/ul>\n\n\n\n<p>NexTech Labs pone a su servicio la experiencia de todo el equipo de AVNA,  ofreciendo la fabricaci\u00f3n de prototipos m\u00e9dicos de alta producci\u00f3n para dispositivos y ensambles m\u00e9dicos. Nuestro enfoque colaborativo crea procesos que lo preparan para la producci\u00f3n a gran escala.<\/p>\n\n\n\n<p>Con recursos dedicados y tecnolog\u00edas avanzadas de estampado y mecanizado de precisi\u00f3n, nuestros Laboratorios NexTech tienen el equipo que necesita, que incluye:<\/p>\n\n\n\n<ul class=\"wp-block-list\">\n<li>Equipos de mecanizado de ejes m\u00faltiples, CNC de alta velocidad y LaserSwiss<\/li>\n\n\n\n<li>Capacidades de <a href=\"http:\/\/coreupdates.avna.com\/es\/capabilities\/laser-processing\/\">procesamiento l\u00e1ser<\/a> totalmente equipadas, que incluyen <a href=\"http:\/\/coreupdates.avna.com\/es\/capabilities\/laser-processing\/\">tubos cortados con l\u00e1ser<\/a>, soldadura, <a href=\"http:\/\/coreupdates.avna.com\/es\/capabilities\/secondary-operations\/\">marcado y tratamientos de superficie<\/a><\/li>\n\n\n\n<li>Impresi\u00f3n 3D de \u00faltima generaci\u00f3n y con calidad de producci\u00f3n para prototipos, herramientas y accesorios<\/li>\n\n\n\n<li>Software de dise\u00f1o avanzado e integrado<\/li>\n\n\n\n<li>Tecnolog\u00eda y plataformas rob\u00f3ticas<\/li>\n\n\n\n<li>Soluciones integradas de control de calidad<\/li>\n<\/ul>\n\n\n\n<p>El equipo de NexTech Labs cuenta con el respaldo de las \u00faltimas tecnolog\u00edas y equipos de fabricaci\u00f3n de \u00faltima generaci\u00f3n para la fabricaci\u00f3n de prototipos m\u00e9dicos para dispositivos. Esto incluye capacidades de producci\u00f3n de impresi\u00f3n 3D de doble tejido, que refuerzan las fibras compuestas con una amplia gama de materiales que incluyen carbono, fibra de vidrio, \u00f3nix y Kevlar\u00ae. La avanzada tecnolog\u00eda 3D de AVNA ofrece prototipos, herramientas y accesorios de grado de ingenier\u00eda, con precisiones de hasta 10 micras, de manera r\u00e1pida y eficiente.<\/p>\n<\/div>\n\n\n\n<div class=\"wp-block-column okay-2col-right is-layout-flow wp-block-column-is-layout-flow\"><div class=\"wp-block-image padding-bottom\">\n<figure class=\"aligncenter is-resized\"><img decoding=\"async\" src=\"http:\/\/coreupdates.avna.com\/wp-content\/uploads\/2019\/02\/nextech_labs_600x240.png\" alt=\"\" class=\"wp-image-3264\" width=\"350\" srcset=\"https:\/\/coreupdates.avna.com\/wp-content\/uploads\/2019\/02\/nextech_labs_600x240.png 600w, https:\/\/coreupdates.avna.com\/wp-content\/uploads\/2019\/02\/nextech_labs_600x240-300x120.png 300w, https:\/\/coreupdates.avna.com\/wp-content\/uploads\/2019\/02\/nextech_labs_600x240-100x40.png 100w, https:\/\/coreupdates.avna.com\/wp-content\/uploads\/2019\/02\/nextech_labs_600x240-200x80.png 200w, https:\/\/coreupdates.avna.com\/wp-content\/uploads\/2019\/02\/nextech_labs_600x240-400x160.png 400w\" sizes=\"(max-width: 600px) 100vw, 600px\" \/><\/figure><\/div>\n\n<div class=\"wp-block-image\">\n<figure class=\"aligncenter is-resized\"><img decoding=\"async\" src=\"http:\/\/coreupdates.avna.com\/wp-content\/uploads\/2019\/09\/okay-nextech-sidebar-400x40001-1.jpg\" alt=\"\" class=\"wp-image-5384\" width=\"350\" height=\"350\" srcset=\"https:\/\/coreupdates.avna.com\/wp-content\/uploads\/2019\/09\/okay-nextech-sidebar-400x40001-1.jpg 400w, https:\/\/coreupdates.avna.com\/wp-content\/uploads\/2019\/09\/okay-nextech-sidebar-400x40001-1-150x150.jpg 150w, https:\/\/coreupdates.avna.com\/wp-content\/uploads\/2019\/09\/okay-nextech-sidebar-400x40001-1-300x300.jpg 300w, https:\/\/coreupdates.avna.com\/wp-content\/uploads\/2019\/09\/okay-nextech-sidebar-400x40001-1-100x100.jpg 100w, https:\/\/coreupdates.avna.com\/wp-content\/uploads\/2019\/09\/okay-nextech-sidebar-400x40001-1-200x200.jpg 200w\" sizes=\"(max-width: 350px) 100vw, 350px\" \/><\/figure><\/div>\n\n<div class=\"wp-block-image\">\n<figure class=\"aligncenter is-resized\"><img decoding=\"async\" src=\"http:\/\/coreupdates.avna.com\/wp-content\/uploads\/2019\/09\/okay-nextech-sidebar-400x400-02.jpg\" alt=\"\" class=\"wp-image-5383\" width=\"350\" height=\"319\" srcset=\"https:\/\/coreupdates.avna.com\/wp-content\/uploads\/2019\/09\/okay-nextech-sidebar-400x400-02.jpg 400w, https:\/\/coreupdates.avna.com\/wp-content\/uploads\/2019\/09\/okay-nextech-sidebar-400x400-02-300x274.jpg 300w, https:\/\/coreupdates.avna.com\/wp-content\/uploads\/2019\/09\/okay-nextech-sidebar-400x400-02-100x91.jpg 100w, https:\/\/coreupdates.avna.com\/wp-content\/uploads\/2019\/09\/okay-nextech-sidebar-400x400-02-200x183.jpg 200w\" sizes=\"(max-width: 350px) 100vw, 350px\" \/><\/figure><\/div><\/div>\n<\/div>\n\n\n\n<h2 class=\"wp-block-heading\">Experiencia en manufactura de prototipos de dispositivos m\u00e9dicos que exceden los resultados<\/h2>\n\n\n\n<p>Nuestros equipos de ingenier\u00eda multidisciplinarios, junto con nuestros procesos centrados en el cliente, ayudan a resolver los desaf\u00edos de dise\u00f1o y producci\u00f3n m\u00e1s dif\u00edciles. Nuestros recursos de fabricaci\u00f3n de componentes m\u00e9dicos personalizados, incluidos NexTech Labs y <a href=\"http:\/\/coreupdates.avna.com\/es\/design-support-and-development\/laserworks\/\">LaserWorks<\/a>, nuestros centros colaborativos de investigaci\u00f3n y desarrollo de prototipos de dis positivos m\u00e9dicos, est\u00e1n dise\u00f1ados para ayudarlo a alcanzar sus objetivos de cumplimiento de precisi\u00f3n, costos m\u00e1s bajos y velocidad de comercializaci\u00f3n m\u00e1s r\u00e1pida. Obtenga m\u00e1s informaci\u00f3n sobre el desarrollo de <a href=\"http:\/\/coreupdates.avna.com\/es\/design-support-and-development\/\">prototipos de dispositivos m\u00e9dicos<\/a>, los procesos y la compatibilidad con DFM.<\/p>\n\n\n\n<section class=\"wp-block-smart-section-section\"><div class=\"section-wrapper\">\n<div class=\"wp-block-media-text alignwide has-media-on-the-right is-stacked-on-mobile callout-image cta-it\" style=\"grid-template-columns:auto 46%\"><div class=\"wp-block-media-text__content\">\n<h3 class=\"wp-block-heading\"><strong>Prototipos para dispositivos m\u00e9dicos que son Part of Something Greater<\/strong><\/h3>\n\n\n\n<p> La colaboraci\u00f3n produce excelentes resultados en nuestro laboratorio LaserWorks. En nuestra b\u00fasqueda continua de ser <em>Part of Something Greater<\/em>, nuestro equipo est\u00e1 listo para revisar su proyecto, y puede programar una llamada con un ingeniero l\u00e1ser de AVNA a trav\u00e9s de nuestro sitio web. Si sus necesidades de prototipo de corte por l\u00e1ser ya est\u00e1n identificadas y usted est\u00e1 listo para refinar su dise\u00f1o con un equipo experto, tambi\u00e9n estamos listos.<\/p>\n\n\n\n<p><a href=\"http:\/\/coreupdates.avna.com\/es\/contact-us\/\">Cont\u00e1ctenos<\/a> o programe una cita en nuestros <a href=\"http:\/\/coreupdates.avna.com\/es\/design-support-and-development\/nextech-labs\/\">Laboratorios NexTech<\/a> y descubra c\u00f3mo nuestra colaboraci\u00f3n centrada en el cliente mejorar\u00e1 los resultados en su pr\u00f3ximo proyecto.<\/p>\n<\/div><figure class=\"wp-block-media-text__media\"><img decoding=\"async\" width=\"1200\" height=\"677\" src=\"http:\/\/coreupdates.avna.com\/wp-content\/uploads\/2018\/12\/OKAY-Laserworks-Room_Photoshop_1200px.png\" alt=\"\" class=\"wp-image-365 size-full\" srcset=\"https:\/\/coreupdates.avna.com\/wp-content\/uploads\/2018\/12\/OKAY-Laserworks-Room_Photoshop_1200px.png 1200w, https:\/\/coreupdates.avna.com\/wp-content\/uploads\/2018\/12\/OKAY-Laserworks-Room_Photoshop_1200px-300x169.png 300w, https:\/\/coreupdates.avna.com\/wp-content\/uploads\/2018\/12\/OKAY-Laserworks-Room_Photoshop_1200px-768x433.png 768w, https:\/\/coreupdates.avna.com\/wp-content\/uploads\/2018\/12\/OKAY-Laserworks-Room_Photoshop_1200px-100x56.png 100w, https:\/\/coreupdates.avna.com\/wp-content\/uploads\/2018\/12\/OKAY-Laserworks-Room_Photoshop_1200px-200x113.png 200w, https:\/\/coreupdates.avna.com\/wp-content\/uploads\/2018\/12\/OKAY-Laserworks-Room_Photoshop_1200px-400x226.png 400w, https:\/\/coreupdates.avna.com\/wp-content\/uploads\/2018\/12\/OKAY-Laserworks-Room_Photoshop_1200px-600x339.png 600w, https:\/\/coreupdates.avna.com\/wp-content\/uploads\/2018\/12\/OKAY-Laserworks-Room_Photoshop_1200px-800x451.png 800w, https:\/\/coreupdates.avna.com\/wp-content\/uploads\/2018\/12\/OKAY-Laserworks-Room_Photoshop_1200px-0x200.png 355w\" sizes=\"(max-width: 1200px) 100vw, 1200px\" \/><\/figure><\/div>\n<\/div><\/section>\n<\/div><\/section>\n","protected":false},"excerpt":{"rendered":"","protected":false},"author":1,"featured_media":6855,"parent":6836,"menu_order":40,"comment_status":"closed","ping_status":"closed","template":"","meta":{"_acf_changed":false,"footnotes":""},"class_list":["post-6853","page","type-page","status-publish","has-post-thumbnail","hentry"],"acf":[],"yoast_head":"<!-- This site is optimized with the Yoast SEO Premium plugin v20.12 (Yoast SEO v25.4) - https:\/\/yoast.com\/wordpress\/plugins\/seo\/ -->\n<title>Fabricaci\u00f3n de prototipos de NexTech Labs para dispositivos m\u00e9dicos | AVNA<\/title>\n<meta name=\"description\" content=\"Con espacios dedicados, equipos y experiencia, NexTech Labs proporciona soluciones de proceso y fabricaci\u00f3n de prototipos para dispositivos m\u00e9dicos dise\u00f1ados para usted.\" \/>\n<meta name=\"robots\" content=\"index, follow, max-snippet:-1, max-image-preview:large, max-video-preview:-1\" \/>\n<link rel=\"canonical\" href=\"https:\/\/coreupdates.avna.com\/es\/design-support-and-development\/nextech-labs\/\" \/>\n<meta property=\"og:locale\" content=\"es_ES\" \/>\n<meta property=\"og:type\" content=\"article\" \/>\n<meta property=\"og:title\" content=\"NexTech Labs\" \/>\n<meta property=\"og:description\" content=\"Con espacios dedicados, equipos y experiencia, NexTech Labs proporciona soluciones de proceso y fabricaci\u00f3n de prototipos para dispositivos m\u00e9dicos dise\u00f1ados para usted.\" \/>\n<meta property=\"og:url\" content=\"https:\/\/coreupdates.avna.com\/es\/design-support-and-development\/nextech-labs\/\" \/>\n<meta property=\"og:site_name\" content=\"AVNA\" \/>\n<meta property=\"article:modified_time\" content=\"2022-12-09T20:18:22+00:00\" \/>\n<meta property=\"og:image\" content=\"https:\/\/coreupdates.avna.com\/wp-content\/uploads\/2018\/12\/Blue-Background-Treatment3.jpg\" \/>\n\t<meta property=\"og:image:width\" content=\"3000\" \/>\n\t<meta property=\"og:image:height\" content=\"1080\" \/>\n\t<meta property=\"og:image:type\" content=\"image\/jpeg\" \/>\n<meta name=\"twitter:card\" content=\"summary_large_image\" \/>\n<meta name=\"twitter:label1\" content=\"Tiempo de lectura\" \/>\n\t<meta name=\"twitter:data1\" content=\"4 minutos\" \/>\n<script type=\"application\/ld+json\" class=\"yoast-schema-graph\">{\"@context\":\"https:\/\/schema.org\",\"@graph\":[{\"@type\":\"WebPage\",\"@id\":\"https:\/\/coreupdates.avna.com\/es\/design-support-and-development\/nextech-labs\/\",\"url\":\"https:\/\/coreupdates.avna.com\/es\/design-support-and-development\/nextech-labs\/\",\"name\":\"Fabricaci\u00f3n de prototipos de NexTech Labs para dispositivos m\u00e9dicos | AVNA\",\"isPartOf\":{\"@id\":\"https:\/\/coreupdates.avna.com\/es\/#website\"},\"primaryImageOfPage\":{\"@id\":\"https:\/\/coreupdates.avna.com\/es\/design-support-and-development\/nextech-labs\/#primaryimage\"},\"image\":{\"@id\":\"https:\/\/coreupdates.avna.com\/es\/design-support-and-development\/nextech-labs\/#primaryimage\"},\"thumbnailUrl\":\"https:\/\/coreupdates.avna.com\/wp-content\/uploads\/2018\/12\/Blue-Background-Treatment3.jpg\",\"datePublished\":\"2018-12-13T20:12:17+00:00\",\"dateModified\":\"2022-12-09T20:18:22+00:00\",\"description\":\"Con espacios dedicados, equipos y experiencia, NexTech Labs proporciona soluciones de proceso y fabricaci\u00f3n de prototipos para dispositivos m\u00e9dicos dise\u00f1ados para usted.\",\"breadcrumb\":{\"@id\":\"https:\/\/coreupdates.avna.com\/es\/design-support-and-development\/nextech-labs\/#breadcrumb\"},\"inLanguage\":\"es\",\"potentialAction\":[{\"@type\":\"ReadAction\",\"target\":[\"https:\/\/coreupdates.avna.com\/es\/design-support-and-development\/nextech-labs\/\"]}]},{\"@type\":\"ImageObject\",\"inLanguage\":\"es\",\"@id\":\"https:\/\/coreupdates.avna.com\/es\/design-support-and-development\/nextech-labs\/#primaryimage\",\"url\":\"https:\/\/coreupdates.avna.com\/wp-content\/uploads\/2018\/12\/Blue-Background-Treatment3.jpg\",\"contentUrl\":\"https:\/\/coreupdates.avna.com\/wp-content\/uploads\/2018\/12\/Blue-Background-Treatment3.jpg\",\"width\":3000,\"height\":1080},{\"@type\":\"BreadcrumbList\",\"@id\":\"https:\/\/coreupdates.avna.com\/es\/design-support-and-development\/nextech-labs\/#breadcrumb\",\"itemListElement\":[{\"@type\":\"ListItem\",\"position\":1,\"name\":\"Home\",\"item\":\"https:\/\/coreupdates.avna.com\/es\/\"},{\"@type\":\"ListItem\",\"position\":2,\"name\":\"Prototipos y apoyo a I+D\",\"item\":\"https:\/\/coreupdates.avna.com\/es\/design-support-and-development\/\"},{\"@type\":\"ListItem\",\"position\":3,\"name\":\"NexTech Labs\"}]},{\"@type\":\"WebSite\",\"@id\":\"https:\/\/coreupdates.avna.com\/es\/#website\",\"url\":\"https:\/\/coreupdates.avna.com\/es\/\",\"name\":\"AVNA\",\"description\":\"Innovation Partners for Life\",\"publisher\":{\"@id\":\"https:\/\/coreupdates.avna.com\/es\/#organization\"},\"potentialAction\":[{\"@type\":\"SearchAction\",\"target\":{\"@type\":\"EntryPoint\",\"urlTemplate\":\"https:\/\/coreupdates.avna.com\/es\/?s={search_term_string}\"},\"query-input\":{\"@type\":\"PropertyValueSpecification\",\"valueRequired\":true,\"valueName\":\"search_term_string\"}}],\"inLanguage\":\"es\"},{\"@type\":\"Organization\",\"@id\":\"https:\/\/coreupdates.avna.com\/es\/#organization\",\"name\":\"AVNA\",\"url\":\"https:\/\/coreupdates.avna.com\/es\/\",\"logo\":{\"@type\":\"ImageObject\",\"inLanguage\":\"es\",\"@id\":\"https:\/\/coreupdates.avna.com\/es\/#\/schema\/logo\/image\/\",\"url\":\"http:\/\/coreupdates.avna.com\/wp-content\/uploads\/2023\/12\/logo-0.png\",\"contentUrl\":\"http:\/\/coreupdates.avna.com\/wp-content\/uploads\/2023\/12\/logo-0.png\",\"width\":387,\"height\":275,\"caption\":\"AVNA\"},\"image\":{\"@id\":\"https:\/\/coreupdates.avna.com\/es\/#\/schema\/logo\/image\/\"}}]}<\/script>\n<!-- \/ Yoast SEO Premium plugin. -->","yoast_head_json":{"title":"Fabricaci\u00f3n de prototipos de NexTech Labs para dispositivos m\u00e9dicos | AVNA","description":"Con espacios dedicados, equipos y experiencia, NexTech Labs proporciona soluciones de proceso y fabricaci\u00f3n de prototipos para dispositivos m\u00e9dicos dise\u00f1ados para usted.","robots":{"index":"index","follow":"follow","max-snippet":"max-snippet:-1","max-image-preview":"max-image-preview:large","max-video-preview":"max-video-preview:-1"},"canonical":"https:\/\/coreupdates.avna.com\/es\/design-support-and-development\/nextech-labs\/","og_locale":"es_ES","og_type":"article","og_title":"NexTech Labs","og_description":"Con espacios dedicados, equipos y experiencia, NexTech Labs proporciona soluciones de proceso y fabricaci\u00f3n de prototipos para dispositivos m\u00e9dicos dise\u00f1ados para usted.","og_url":"https:\/\/coreupdates.avna.com\/es\/design-support-and-development\/nextech-labs\/","og_site_name":"AVNA","article_modified_time":"2022-12-09T20:18:22+00:00","og_image":[{"width":3000,"height":1080,"url":"https:\/\/coreupdates.avna.com\/wp-content\/uploads\/2018\/12\/Blue-Background-Treatment3.jpg","type":"image\/jpeg"}],"twitter_card":"summary_large_image","twitter_misc":{"Tiempo de lectura":"4 minutos"},"schema":{"@context":"https:\/\/schema.org","@graph":[{"@type":"WebPage","@id":"https:\/\/coreupdates.avna.com\/es\/design-support-and-development\/nextech-labs\/","url":"https:\/\/coreupdates.avna.com\/es\/design-support-and-development\/nextech-labs\/","name":"Fabricaci\u00f3n de prototipos de NexTech Labs para dispositivos m\u00e9dicos | AVNA","isPartOf":{"@id":"https:\/\/coreupdates.avna.com\/es\/#website"},"primaryImageOfPage":{"@id":"https:\/\/coreupdates.avna.com\/es\/design-support-and-development\/nextech-labs\/#primaryimage"},"image":{"@id":"https:\/\/coreupdates.avna.com\/es\/design-support-and-development\/nextech-labs\/#primaryimage"},"thumbnailUrl":"https:\/\/coreupdates.avna.com\/wp-content\/uploads\/2018\/12\/Blue-Background-Treatment3.jpg","datePublished":"2018-12-13T20:12:17+00:00","dateModified":"2022-12-09T20:18:22+00:00","description":"Con espacios dedicados, equipos y experiencia, NexTech Labs proporciona soluciones de proceso y fabricaci\u00f3n de prototipos para dispositivos m\u00e9dicos dise\u00f1ados para usted.","breadcrumb":{"@id":"https:\/\/coreupdates.avna.com\/es\/design-support-and-development\/nextech-labs\/#breadcrumb"},"inLanguage":"es","potentialAction":[{"@type":"ReadAction","target":["https:\/\/coreupdates.avna.com\/es\/design-support-and-development\/nextech-labs\/"]}]},{"@type":"ImageObject","inLanguage":"es","@id":"https:\/\/coreupdates.avna.com\/es\/design-support-and-development\/nextech-labs\/#primaryimage","url":"https:\/\/coreupdates.avna.com\/wp-content\/uploads\/2018\/12\/Blue-Background-Treatment3.jpg","contentUrl":"https:\/\/coreupdates.avna.com\/wp-content\/uploads\/2018\/12\/Blue-Background-Treatment3.jpg","width":3000,"height":1080},{"@type":"BreadcrumbList","@id":"https:\/\/coreupdates.avna.com\/es\/design-support-and-development\/nextech-labs\/#breadcrumb","itemListElement":[{"@type":"ListItem","position":1,"name":"Home","item":"https:\/\/coreupdates.avna.com\/es\/"},{"@type":"ListItem","position":2,"name":"Prototipos y apoyo a I+D","item":"https:\/\/coreupdates.avna.com\/es\/design-support-and-development\/"},{"@type":"ListItem","position":3,"name":"NexTech Labs"}]},{"@type":"WebSite","@id":"https:\/\/coreupdates.avna.com\/es\/#website","url":"https:\/\/coreupdates.avna.com\/es\/","name":"AVNA","description":"Innovation Partners for Life","publisher":{"@id":"https:\/\/coreupdates.avna.com\/es\/#organization"},"potentialAction":[{"@type":"SearchAction","target":{"@type":"EntryPoint","urlTemplate":"https:\/\/coreupdates.avna.com\/es\/?s={search_term_string}"},"query-input":{"@type":"PropertyValueSpecification","valueRequired":true,"valueName":"search_term_string"}}],"inLanguage":"es"},{"@type":"Organization","@id":"https:\/\/coreupdates.avna.com\/es\/#organization","name":"AVNA","url":"https:\/\/coreupdates.avna.com\/es\/","logo":{"@type":"ImageObject","inLanguage":"es","@id":"https:\/\/coreupdates.avna.com\/es\/#\/schema\/logo\/image\/","url":"http:\/\/coreupdates.avna.com\/wp-content\/uploads\/2023\/12\/logo-0.png","contentUrl":"http:\/\/coreupdates.avna.com\/wp-content\/uploads\/2023\/12\/logo-0.png","width":387,"height":275,"caption":"AVNA"},"image":{"@id":"https:\/\/coreupdates.avna.com\/es\/#\/schema\/logo\/image\/"}}]}},"_links":{"self":[{"href":"https:\/\/coreupdates.avna.com\/es\/wp-json\/wp\/v2\/pages\/6853","targetHints":{"allow":["GET"]}}],"collection":[{"href":"https:\/\/coreupdates.avna.com\/es\/wp-json\/wp\/v2\/pages"}],"about":[{"href":"https:\/\/coreupdates.avna.com\/es\/wp-json\/wp\/v2\/types\/page"}],"author":[{"embeddable":true,"href":"https:\/\/coreupdates.avna.com\/es\/wp-json\/wp\/v2\/users\/1"}],"replies":[{"embeddable":true,"href":"https:\/\/coreupdates.avna.com\/es\/wp-json\/wp\/v2\/comments?post=6853"}],"version-history":[{"count":18,"href":"https:\/\/coreupdates.avna.com\/es\/wp-json\/wp\/v2\/pages\/6853\/revisions"}],"predecessor-version":[{"id":12357,"href":"https:\/\/coreupdates.avna.com\/es\/wp-json\/wp\/v2\/pages\/6853\/revisions\/12357"}],"up":[{"embeddable":true,"href":"https:\/\/coreupdates.avna.com\/es\/wp-json\/wp\/v2\/pages\/6836"}],"wp:featuredmedia":[{"embeddable":true,"href":"https:\/\/coreupdates.avna.com\/es\/wp-json\/wp\/v2\/media\/6855"}],"wp:attachment":[{"href":"https:\/\/coreupdates.avna.com\/es\/wp-json\/wp\/v2\/media?parent=6853"}],"curies":[{"name":"wp","href":"https:\/\/api.w.org\/{rel}","templated":true}]}}