{"id":6785,"date":"2019-09-09T15:03:10","date_gmt":"2019-09-09T15:03:10","guid":{"rendered":"http:\/\/coreupdates.avna.com\/capabilities\/plastic-injection-molding\/"},"modified":"2022-09-01T11:34:58","modified_gmt":"2022-09-01T15:34:58","slug":"plastic-injection-molding","status":"publish","type":"page","link":"https:\/\/coreupdates.avna.com\/es\/capabilities\/plastic-injection-molding\/","title":{"rendered":"Moldeo por inyecci\u00f3n de pl\u00e1stico"},"content":{"rendered":"\n\n<section class=\"header-block\"><figure class=\"bg\" style=\"background-image: url(https:\/\/coreupdates.avna.com\/wp-content\/uploads\/2018\/12\/Blue-Background-Treatment10.jpg); \"><\/figure><div class=\"section-wrapper\"><div class=\"text-wrapper\"><div class=\"text-background\"><\/div><div class=\"header-image \" style=\"background-image: url(https:\/\/coreupdates.avna.com\/wp-content\/uploads\/2022\/05\/Okay-plasticmolding-Hero.png);\"><\/div><div class=\"header-text\"><h1>MOLDEO POR INYECCI\u00d3N DE PL\u00c1STICO PARA USO M\u00c9DICO<\/h1>\n<h2>Moldeo por inyecci\u00f3n de pl\u00e1stico m\u00e9dico y sobre moldeado de pl\u00e1stico<\/h2>\n<p><strong>El moldeo por inyecci\u00f3n de pl\u00e1stico y el sobremoldeo de pl\u00e1stico son dos de los procesos modernos m\u00e1s comunes de fabricaci\u00f3n de termopl\u00e1sticos. Estos procesos son ideales para pedidos de gran volumen y para el cumplimiento repetible.<\/strong><\/p>\n<p>El sobremoldeo de insertos generalmente se usa junto con otros procesos avanzados de formaci\u00f3n de metal y l\u00e1ser para aprovechar los beneficios de m\u00faltiples materiales en un componente. AVNA  se complace en ofrecer ahora la tecnolog\u00eda para proporcionar una fabricaci\u00f3n avanzada de moldeo por inyecci\u00f3n de pl\u00e1stico m\u00e9dico.<\/p>\n<\/div><\/div><\/div><\/section>\n\n\n<section class=\"wp-block-smart-section-section white-background\"><div class=\"section-wrapper\">\n<h2 class=\"has-text-align-center wp-block-heading\" id=\"mce_19\">Experiencia en ingenier\u00eda inyectada con nuevas capacidades de moldeo de pl\u00e1stico. <\/h2>\n\n\n\n<p>AVNA  ha desarrollado procesos integrados y un enfoque exhaustivo para ayudar a los clientes a resolver sus desaf\u00edos m\u00e1s dif\u00edciles de componentes m\u00e9dicos. Con nuestra gama de <a href=\"http:\/\/coreupdates.avna.com\/es\/capabilities\/\">capacidades<\/a> de precisi\u00f3n y nuestro enfoque centrado en el cliente, estamos listos para ayudarlo con su pr\u00f3ximo proyecto utilizando nuestros avanzados procesos de fabricaci\u00f3n de moldeo por inyecci\u00f3n de pl\u00e1stico m\u00e9dico.<\/p>\n\n\n\n<div class=\"alignnormal\"><div id=\"metaslider-id-5085\" style=\"width: 100%; margin: 0 auto;\" class=\"ml-slider-3-99-0 metaslider metaslider-flex metaslider-5085 ml-slider ml-slider-lightbox-1-13-4 firelight-lightbox-2-3-17 ms-theme-default nav-hidden\" role=\"region\" aria-label=\"Plastic Overmolding\" data-width=\"200\">\n    <div id=\"metaslider_container_5085\">\n        <div id=\"metaslider_5085\">\n            <ul class='slides'>\n                <li style=\"display: none; width: 100%;\" class=\"slide-5685 ms-image \" aria-roledescription=\"slide\" data-date=\"2019-11-08 21:19:59\"><a href=\"https:\/\/coreupdates.avna.com\/wp-content\/uploads\/2019\/11\/plastic-part-slider-close-800px-2.jpg\" target=\"_self\" aria-label=\"View Slide Details\" class=\"metaslider_image_link\" rel=\"lightbox[5085]\"><img decoding=\"async\" src=\"https:\/\/coreupdates.avna.com\/wp-content\/uploads\/2019\/11\/plastic-part-slider-close-800px-2-200x200.jpg\" height=\"200\" width=\"200\" alt=\"plastic medical devices\" class=\"slider-5085 slide-5685 msDefaultImage\" \/><\/a><\/li>\n                <li style=\"display: none; width: 100%;\" class=\"slide-5684 ms-image \" aria-roledescription=\"slide\" data-date=\"2019-11-08 21:19:59\"><a href=\"https:\/\/coreupdates.avna.com\/wp-content\/uploads\/2019\/11\/plastic-part-slider-01_800px-2.jpg\" target=\"_self\" aria-label=\"View Slide Details\" class=\"metaslider_image_link\" rel=\"lightbox[5085]\"><img decoding=\"async\" src=\"https:\/\/coreupdates.avna.com\/wp-content\/uploads\/2019\/11\/plastic-part-slider-01_800px-2-200x200.jpg\" height=\"200\" width=\"200\" alt=\"plastic medical devices\" class=\"slider-5085 slide-5684 msDefaultImage\" \/><\/a><\/li>\n                <li style=\"display: none; width: 100%;\" class=\"slide-5587 ms-image \" aria-roledescription=\"slide\" data-date=\"2019-09-25 17:32:03\"><a href=\"https:\/\/coreupdates.avna.com\/wp-content\/uploads\/2019\/09\/plastic-part-slider-02-close_800px.jpg\" target=\"_self\" aria-label=\"View Slide Details\" class=\"metaslider_image_link\" rel=\"lightbox[5085]\"><img decoding=\"async\" src=\"https:\/\/coreupdates.avna.com\/wp-content\/uploads\/2019\/09\/plastic-part-slider-02-close_800px-200x200.jpg\" height=\"200\" width=\"200\" alt=\"Plastic Injection Molding\" class=\"slider-5085 slide-5587 msDefaultImage\" \/><\/a><\/li>\n                <li style=\"display: none; width: 100%;\" class=\"slide-5482 ms-image \" aria-roledescription=\"slide\" data-date=\"2019-09-24 18:42:22\"><a href=\"https:\/\/coreupdates.avna.com\/wp-content\/uploads\/2019\/09\/plastic-part-slider-02_800px.jpg\" target=\"_self\" aria-label=\"View Slide Details\" class=\"metaslider_image_link\" rel=\"lightbox[5085]\"><img decoding=\"async\" src=\"https:\/\/coreupdates.avna.com\/wp-content\/uploads\/2019\/09\/plastic-part-slider-02_800px-200x200.jpg\" height=\"200\" width=\"200\" alt=\"plastic injection molding for medical devices\" class=\"slider-5085 slide-5482 msDefaultImage\" \/><\/a><\/li>\n                <li style=\"display: none; width: 100%;\" class=\"slide-5088 ms-image \" aria-roledescription=\"slide\" data-date=\"2019-09-09 15:27:22\"><a href=\"https:\/\/coreupdates.avna.com\/wp-content\/uploads\/2019\/09\/plastic-gallery-01.jpg\" target=\"_self\" aria-label=\"View Slide Details\" class=\"metaslider_image_link\" rel=\"lightbox[5085]\"><img decoding=\"async\" src=\"https:\/\/coreupdates.avna.com\/wp-content\/uploads\/2019\/09\/plastic-gallery-01-200x200.jpg\" height=\"200\" width=\"200\" alt=\"plastic overmolding molding for medical devices\" class=\"slider-5085 slide-5088 msDefaultImage\" \/><\/a><\/li>\n                <li style=\"display: none; width: 100%;\" class=\"slide-5089 ms-image \" aria-roledescription=\"slide\" data-date=\"2019-09-09 15:27:22\"><a href=\"https:\/\/coreupdates.avna.com\/wp-content\/uploads\/2019\/09\/plastic-gallery-02.jpg\" target=\"_self\" aria-label=\"View Slide Details\" class=\"metaslider_image_link\" rel=\"lightbox[5085]\"><img decoding=\"async\" src=\"https:\/\/coreupdates.avna.com\/wp-content\/uploads\/2019\/09\/plastic-gallery-02-200x200.jpg\" height=\"200\" width=\"200\" alt=\"plastic overmolding molding for medical devices\" class=\"slider-5085 slide-5089 msDefaultImage\" \/><\/a><\/li>\n                <li style=\"display: none; width: 100%;\" class=\"slide-10345 ms-image \" aria-roledescription=\"slide\" data-date=\"2022-05-11 09:32:52\"><a href=\"https:\/\/coreupdates.avna.com\/wp-content\/uploads\/2022\/05\/384a4017-800x800-2.jpg\" target=\"_self\" aria-label=\"View Slide Details\" class=\"metaslider_image_link\" rel=\"lightbox[5085]\"><img decoding=\"async\" src=\"https:\/\/coreupdates.avna.com\/wp-content\/uploads\/2022\/05\/384a4017-800x800-2-200x200.jpg\" height=\"200\" width=\"200\" alt=\"medical device assembly detail\" class=\"slider-5085 slide-10345 msDefaultImage\" \/><\/a><\/li>\n                <li style=\"display: none; width: 100%;\" class=\"slide-10346 ms-image \" aria-roledescription=\"slide\" data-date=\"2022-05-11 09:33:00\"><a href=\"https:\/\/coreupdates.avna.com\/wp-content\/uploads\/2022\/05\/384a4015-800x800-3.jpg\" target=\"_self\" aria-label=\"View Slide Details\" class=\"metaslider_image_link\" rel=\"lightbox[5085]\"><img decoding=\"async\" src=\"https:\/\/coreupdates.avna.com\/wp-content\/uploads\/2022\/05\/384a4015-800x800-3-200x200.jpg\" height=\"200\" width=\"200\" alt=\"medical device finishing\" class=\"slider-5085 slide-10346 msDefaultImage\" \/><\/a><\/li>\n                <li style=\"display: none; width: 100%;\" class=\"slide-10347 ms-image \" aria-roledescription=\"slide\" data-date=\"2022-05-11 09:33:12\"><a href=\"https:\/\/coreupdates.avna.com\/wp-content\/uploads\/2022\/05\/384a4034-800x800-2.jpg\" target=\"_self\" aria-label=\"View Slide Details\" class=\"metaslider_image_link\" rel=\"lightbox[5085]\"><img decoding=\"async\" src=\"https:\/\/coreupdates.avna.com\/wp-content\/uploads\/2022\/05\/384a4034-800x800-2-200x200.jpg\" height=\"200\" width=\"200\" alt=\"medical device close up\" class=\"slider-5085 slide-10347 msDefaultImage\" \/><\/a><\/li>\n                <li style=\"display: none; width: 100%;\" class=\"slide-10348 ms-image \" aria-roledescription=\"slide\" data-date=\"2022-05-11 09:33:16\"><a href=\"https:\/\/coreupdates.avna.com\/wp-content\/uploads\/2022\/05\/384a4036-800x800-2.jpg\" target=\"_self\" aria-label=\"View Slide Details\" class=\"metaslider_image_link\" rel=\"lightbox[5085]\"><img decoding=\"async\" src=\"https:\/\/coreupdates.avna.com\/wp-content\/uploads\/2022\/05\/384a4036-800x800-2-200x200.jpg\" height=\"200\" width=\"200\" alt=\"medical device assemblies\" class=\"slider-5085 slide-10348 msDefaultImage\" \/><\/a><\/li>\n            <\/ul>\n        <\/div>\n        \n    <\/div>\n<\/div><\/div>\n<\/div><\/section>\n\n\n\n<section class=\"wp-block-smart-section-section\"><div class=\"section-wrapper\">\n<div class=\"wp-block-columns has-2-columns okay-2col-table is-layout-flex wp-container-core-columns-is-layout-9d6595d7 wp-block-columns-is-layout-flex\">\n<div class=\"wp-block-column okay-2col-left is-layout-flow wp-block-column-is-layout-flow\">\n<p>AVNA  combina su vasta experiencia en la resoluci\u00f3n de desaf\u00edos de ingenier\u00eda con las \u00faltimas tecnolog\u00edas de moldeo por inyecci\u00f3n de pl\u00e1stico m\u00e9dico, ayud\u00e1ndole a llevar sus componentes al mercado m\u00e1s r\u00e1pido y optimizado para su aplicaci\u00f3n. Con procesos eficientes, repetibles y capacidades flexibles, podemos proporcionar a los clientes capacidades integradas de fabricaci\u00f3n de moldes de pl\u00e1stico m\u00e9dico y una variedad de ventajas, que incluyen:<\/p>\n\n\n\n<ul class=\"wp-block-list\"><li>Operaciones\nsecundarias reducidas<\/li><li>Calidad\ny fiabilidad mejoradas<\/li><li>Costos generales\nreducidos<\/li><li>Mayor\nflexibilidad en el dise\u00f1o.<\/li><li>Amplia\ngama de materiales termopl\u00e1sticos de ingenier\u00eda.<\/li><li>Mayor\nvariedad de formas, estilos y colores.<\/li><\/ul>\n\n\n\n<p>Combinado con nuestras avanzadas capacidades de formaci\u00f3n de tubos met\u00e1licos, <a href=\"http:\/\/coreupdates.avna.com\/es\/capabilities\/laser-tube-cutting\/\">corte l\u00e1ser de tubos<\/a>, <a href=\"http:\/\/coreupdates.avna.com\/es\/capabilities\/secondary-operations\/\">soldadura y tratamiento de superficies,<\/a> nuestra fabricaci\u00f3n de moldes de inyecci\u00f3n de pl\u00e1stico permite procesos totalmente integrados que producen componentes m\u00e9dicos y quir\u00fargicos de alta precisi\u00f3n.<\/p>\n<\/div>\n\n\n\n<div class=\"wp-block-column okay-2col-right is-layout-flow wp-block-column-is-layout-flow\">\n<section class=\"wp-block-smart-section-section callout margin-none\"><div class=\"section-wrapper\">\n<div class=\"wp-block-image padding-bottom-none\"><figure class=\"aligncenter is-resized\"><a href=\"http:\/\/coreupdates.avna.com\/es\/design-support-and-development\/nextech-labs\/\"><img decoding=\"async\" src=\"http:\/\/coreupdates.avna.com\/wp-content\/uploads\/2019\/02\/nextech_labs_600x240.png\" alt=\"\" class=\"wp-image-3264\" width=\"253\" height=\"101\" srcset=\"https:\/\/coreupdates.avna.com\/wp-content\/uploads\/2019\/02\/nextech_labs_600x240.png 600w, https:\/\/coreupdates.avna.com\/wp-content\/uploads\/2019\/02\/nextech_labs_600x240-300x120.png 300w, https:\/\/coreupdates.avna.com\/wp-content\/uploads\/2019\/02\/nextech_labs_600x240-100x40.png 100w, https:\/\/coreupdates.avna.com\/wp-content\/uploads\/2019\/02\/nextech_labs_600x240-200x80.png 200w, https:\/\/coreupdates.avna.com\/wp-content\/uploads\/2019\/02\/nextech_labs_600x240-400x160.png 400w\" sizes=\"(max-width: 253px) 100vw, 253px\" \/><\/a><\/figure><\/div>\n\n\n\n<p class=\"has-text-align-center padding-left-right\" style=\"font-size:13px\">Equipo dedicado, personal y recursos que lo llevan al mercado m\u00e1s r\u00e1pido. <a href=\"http:\/\/coreupdates.avna.com\/es\/design-support-and-development\/nextech-labs\/\">Conoce m\u00e1s.<\/a><\/p>\n\n\n\n<div class=\"wp-block-image padding-left-right margin-none\"><figure class=\"aligncenter\"><a href=\"http:\/\/coreupdates.avna.com\/es\/design-support-and-development\/nextech-labs\/\"><img decoding=\"async\" width=\"375\" height=\"342\" src=\"http:\/\/coreupdates.avna.com\/wp-content\/uploads\/2019\/03\/callout-box-layered-edit-ES.png\" alt=\"\" class=\"wp-image-7116\" srcset=\"https:\/\/coreupdates.avna.com\/wp-content\/uploads\/2019\/03\/callout-box-layered-edit-ES.png 375w, https:\/\/coreupdates.avna.com\/wp-content\/uploads\/2019\/03\/callout-box-layered-edit-ES-300x274.png 300w, https:\/\/coreupdates.avna.com\/wp-content\/uploads\/2019\/03\/callout-box-layered-edit-ES-100x91.png 100w, https:\/\/coreupdates.avna.com\/wp-content\/uploads\/2019\/03\/callout-box-layered-edit-ES-200x182.png 200w\" sizes=\"(max-width: 375px) 100vw, 375px\" \/><\/a><\/figure><\/div>\n<\/div><\/section>\n\n\n\n<p><\/p>\n<\/div>\n<\/div>\n\n\n\n<div class=\"wp-block-media-text alignwide has-media-on-the-right is-stacked-on-mobile callout-image cta-it\"><figure class=\"wp-block-media-text__media\"><img decoding=\"async\" width=\"818\" height=\"425\" src=\"http:\/\/coreupdates.avna.com\/wp-content\/uploads\/2019\/02\/nextech_callout_818x425px.jpg\" alt=\"\" class=\"wp-image-3303 size-full\" srcset=\"https:\/\/coreupdates.avna.com\/wp-content\/uploads\/2019\/02\/nextech_callout_818x425px.jpg 818w, https:\/\/coreupdates.avna.com\/wp-content\/uploads\/2019\/02\/nextech_callout_818x425px-300x156.jpg 300w, https:\/\/coreupdates.avna.com\/wp-content\/uploads\/2019\/02\/nextech_callout_818x425px-768x399.jpg 768w, https:\/\/coreupdates.avna.com\/wp-content\/uploads\/2019\/02\/nextech_callout_818x425px-100x52.jpg 100w, https:\/\/coreupdates.avna.com\/wp-content\/uploads\/2019\/02\/nextech_callout_818x425px-200x104.jpg 200w, https:\/\/coreupdates.avna.com\/wp-content\/uploads\/2019\/02\/nextech_callout_818x425px-400x208.jpg 400w, https:\/\/coreupdates.avna.com\/wp-content\/uploads\/2019\/02\/nextech_callout_818x425px-600x312.jpg 600w, https:\/\/coreupdates.avna.com\/wp-content\/uploads\/2019\/02\/nextech_callout_818x425px-800x416.jpg 800w\" sizes=\"(max-width: 818px) 100vw, 818px\" \/><\/figure><div class=\"wp-block-media-text__content\">\n<h3 class=\"wp-block-heading\">Capacidades pl\u00e1sticas para componentes m\u00e9dicos. Moldeado para ser  <em>Part&nbsp;of&nbsp;Something&nbsp;Greater.<\/em><\/h3>\n\n\n\n<p class=\"has-regular-font-size\">AVNA  se dedica a ofrecer a los fabricantes de equipo original de dispositivos m\u00e9dicos una experiencia integrada para ayudar a aumentar la eficiencia, la calidad y la flexibilidad en la validaci\u00f3n del dise\u00f1o y la producci\u00f3n. Nuestros ingenieros est\u00e1n listos para ayudar con nuestras capacidades de moldeo de pl\u00e1stico, desde los desaf\u00edos de dise\u00f1o de prototipos hasta la producci\u00f3n final de pedidos de gran volumen.<\/p>\n\n\n\n<p><a href=\"http:\/\/coreupdates.avna.com\/es\/contact-us\/\">Cont\u00e1ctenos<\/a> o programe una cita en nuestros <a href=\"http:\/\/coreupdates.avna.com\/es\/design-support-and-development\/nextech-labs\/\">Laboratorios NexTech<\/a> y descubra c\u00f3mo nuestra colaboraci\u00f3n centrada en el cliente mejorar\u00e1 los resultados en su pr\u00f3ximo proyecto.<\/p>\n<\/div><\/div>\n<\/div><\/section>\n","protected":false},"excerpt":{"rendered":"","protected":false},"author":10,"featured_media":6613,"parent":6719,"menu_order":7,"comment_status":"closed","ping_status":"closed","template":"","meta":{"_acf_changed":false,"footnotes":""},"class_list":["post-6785","page","type-page","status-publish","has-post-thumbnail","hentry"],"acf":[],"yoast_head":"<!-- This site is optimized with the Yoast SEO Premium plugin v20.12 (Yoast SEO v25.4) - https:\/\/yoast.com\/wordpress\/plugins\/seo\/ -->\n<title>Moldeo por inyecci\u00f3n de pl\u00e1stico m\u00e9dico, Fabricante de sobremoldes | AVNA<\/title>\n<meta name=\"description\" content=\"Fabricaci\u00f3n de moldes de inyecci\u00f3n de pl\u00e1stico con procesos totalmente integrados para producci\u00f3n de componentes m\u00e9dicos y quir\u00fargicos de alta precisi\u00f3n.\" \/>\n<meta name=\"robots\" content=\"index, follow, max-snippet:-1, max-image-preview:large, max-video-preview:-1\" \/>\n<link rel=\"canonical\" href=\"https:\/\/coreupdates.avna.com\/es\/capabilities\/plastic-injection-molding\/\" \/>\n<meta property=\"og:locale\" content=\"es_ES\" \/>\n<meta property=\"og:type\" content=\"article\" \/>\n<meta property=\"og:title\" content=\"Moldeo por inyecci\u00f3n de pl\u00e1stico\" \/>\n<meta property=\"og:description\" content=\"Fabricaci\u00f3n de moldes de inyecci\u00f3n de pl\u00e1stico con procesos totalmente integrados para producci\u00f3n de componentes m\u00e9dicos y quir\u00fargicos de alta precisi\u00f3n.\" \/>\n<meta property=\"og:url\" content=\"https:\/\/coreupdates.avna.com\/es\/capabilities\/plastic-injection-molding\/\" \/>\n<meta property=\"og:site_name\" content=\"AVNA\" \/>\n<meta property=\"article:modified_time\" content=\"2022-09-01T15:34:58+00:00\" \/>\n<meta property=\"og:image\" content=\"https:\/\/coreupdates.avna.com\/wp-content\/uploads\/2018\/12\/Blue-Background-Treatment10.jpg\" \/>\n\t<meta property=\"og:image:width\" content=\"3000\" \/>\n\t<meta property=\"og:image:height\" content=\"1080\" \/>\n\t<meta property=\"og:image:type\" content=\"image\/jpeg\" \/>\n<meta name=\"twitter:card\" content=\"summary_large_image\" \/>\n<meta name=\"twitter:label1\" content=\"Tiempo de lectura\" \/>\n\t<meta name=\"twitter:data1\" content=\"2 minutos\" \/>\n<script type=\"application\/ld+json\" class=\"yoast-schema-graph\">{\"@context\":\"https:\/\/schema.org\",\"@graph\":[{\"@type\":\"WebPage\",\"@id\":\"https:\/\/coreupdates.avna.com\/es\/capabilities\/plastic-injection-molding\/\",\"url\":\"https:\/\/coreupdates.avna.com\/es\/capabilities\/plastic-injection-molding\/\",\"name\":\"Moldeo por inyecci\u00f3n de pl\u00e1stico m\u00e9dico, Fabricante de sobremoldes | AVNA\",\"isPartOf\":{\"@id\":\"https:\/\/coreupdates.avna.com\/es\/#website\"},\"primaryImageOfPage\":{\"@id\":\"https:\/\/coreupdates.avna.com\/es\/capabilities\/plastic-injection-molding\/#primaryimage\"},\"image\":{\"@id\":\"https:\/\/coreupdates.avna.com\/es\/capabilities\/plastic-injection-molding\/#primaryimage\"},\"thumbnailUrl\":\"https:\/\/coreupdates.avna.com\/wp-content\/uploads\/2018\/12\/Blue-Background-Treatment10.jpg\",\"datePublished\":\"2019-09-09T15:03:10+00:00\",\"dateModified\":\"2022-09-01T15:34:58+00:00\",\"description\":\"Fabricaci\u00f3n de moldes de inyecci\u00f3n de pl\u00e1stico con procesos totalmente integrados para producci\u00f3n de componentes m\u00e9dicos y quir\u00fargicos de alta precisi\u00f3n.\",\"breadcrumb\":{\"@id\":\"https:\/\/coreupdates.avna.com\/es\/capabilities\/plastic-injection-molding\/#breadcrumb\"},\"inLanguage\":\"es\",\"potentialAction\":[{\"@type\":\"ReadAction\",\"target\":[\"https:\/\/coreupdates.avna.com\/es\/capabilities\/plastic-injection-molding\/\"]}]},{\"@type\":\"ImageObject\",\"inLanguage\":\"es\",\"@id\":\"https:\/\/coreupdates.avna.com\/es\/capabilities\/plastic-injection-molding\/#primaryimage\",\"url\":\"https:\/\/coreupdates.avna.com\/wp-content\/uploads\/2018\/12\/Blue-Background-Treatment10.jpg\",\"contentUrl\":\"https:\/\/coreupdates.avna.com\/wp-content\/uploads\/2018\/12\/Blue-Background-Treatment10.jpg\",\"width\":3000,\"height\":1080},{\"@type\":\"BreadcrumbList\",\"@id\":\"https:\/\/coreupdates.avna.com\/es\/capabilities\/plastic-injection-molding\/#breadcrumb\",\"itemListElement\":[{\"@type\":\"ListItem\",\"position\":1,\"name\":\"Home\",\"item\":\"https:\/\/coreupdates.avna.com\/es\/\"},{\"@type\":\"ListItem\",\"position\":2,\"name\":\"Capacidades\",\"item\":\"https:\/\/coreupdates.avna.com\/es\/capabilities\/\"},{\"@type\":\"ListItem\",\"position\":3,\"name\":\"Moldeo por inyecci\u00f3n de pl\u00e1stico\"}]},{\"@type\":\"WebSite\",\"@id\":\"https:\/\/coreupdates.avna.com\/es\/#website\",\"url\":\"https:\/\/coreupdates.avna.com\/es\/\",\"name\":\"AVNA\",\"description\":\"Innovation Partners for Life\",\"publisher\":{\"@id\":\"https:\/\/coreupdates.avna.com\/es\/#organization\"},\"potentialAction\":[{\"@type\":\"SearchAction\",\"target\":{\"@type\":\"EntryPoint\",\"urlTemplate\":\"https:\/\/coreupdates.avna.com\/es\/?s={search_term_string}\"},\"query-input\":{\"@type\":\"PropertyValueSpecification\",\"valueRequired\":true,\"valueName\":\"search_term_string\"}}],\"inLanguage\":\"es\"},{\"@type\":\"Organization\",\"@id\":\"https:\/\/coreupdates.avna.com\/es\/#organization\",\"name\":\"AVNA\",\"url\":\"https:\/\/coreupdates.avna.com\/es\/\",\"logo\":{\"@type\":\"ImageObject\",\"inLanguage\":\"es\",\"@id\":\"https:\/\/coreupdates.avna.com\/es\/#\/schema\/logo\/image\/\",\"url\":\"http:\/\/coreupdates.avna.com\/wp-content\/uploads\/2023\/12\/logo-0.png\",\"contentUrl\":\"http:\/\/coreupdates.avna.com\/wp-content\/uploads\/2023\/12\/logo-0.png\",\"width\":387,\"height\":275,\"caption\":\"AVNA\"},\"image\":{\"@id\":\"https:\/\/coreupdates.avna.com\/es\/#\/schema\/logo\/image\/\"}}]}<\/script>\n<!-- \/ Yoast SEO Premium plugin. -->","yoast_head_json":{"title":"Moldeo por inyecci\u00f3n de pl\u00e1stico m\u00e9dico, Fabricante de sobremoldes | AVNA","description":"Fabricaci\u00f3n de moldes de inyecci\u00f3n de pl\u00e1stico con procesos totalmente integrados para producci\u00f3n de componentes m\u00e9dicos y quir\u00fargicos de alta precisi\u00f3n.","robots":{"index":"index","follow":"follow","max-snippet":"max-snippet:-1","max-image-preview":"max-image-preview:large","max-video-preview":"max-video-preview:-1"},"canonical":"https:\/\/coreupdates.avna.com\/es\/capabilities\/plastic-injection-molding\/","og_locale":"es_ES","og_type":"article","og_title":"Moldeo por inyecci\u00f3n de pl\u00e1stico","og_description":"Fabricaci\u00f3n de moldes de inyecci\u00f3n de pl\u00e1stico con procesos totalmente integrados para producci\u00f3n de componentes m\u00e9dicos y quir\u00fargicos de alta precisi\u00f3n.","og_url":"https:\/\/coreupdates.avna.com\/es\/capabilities\/plastic-injection-molding\/","og_site_name":"AVNA","article_modified_time":"2022-09-01T15:34:58+00:00","og_image":[{"width":3000,"height":1080,"url":"https:\/\/coreupdates.avna.com\/wp-content\/uploads\/2018\/12\/Blue-Background-Treatment10.jpg","type":"image\/jpeg"}],"twitter_card":"summary_large_image","twitter_misc":{"Tiempo de lectura":"2 minutos"},"schema":{"@context":"https:\/\/schema.org","@graph":[{"@type":"WebPage","@id":"https:\/\/coreupdates.avna.com\/es\/capabilities\/plastic-injection-molding\/","url":"https:\/\/coreupdates.avna.com\/es\/capabilities\/plastic-injection-molding\/","name":"Moldeo por inyecci\u00f3n de pl\u00e1stico m\u00e9dico, Fabricante de sobremoldes | AVNA","isPartOf":{"@id":"https:\/\/coreupdates.avna.com\/es\/#website"},"primaryImageOfPage":{"@id":"https:\/\/coreupdates.avna.com\/es\/capabilities\/plastic-injection-molding\/#primaryimage"},"image":{"@id":"https:\/\/coreupdates.avna.com\/es\/capabilities\/plastic-injection-molding\/#primaryimage"},"thumbnailUrl":"https:\/\/coreupdates.avna.com\/wp-content\/uploads\/2018\/12\/Blue-Background-Treatment10.jpg","datePublished":"2019-09-09T15:03:10+00:00","dateModified":"2022-09-01T15:34:58+00:00","description":"Fabricaci\u00f3n de moldes de inyecci\u00f3n de pl\u00e1stico con procesos totalmente integrados para producci\u00f3n de componentes m\u00e9dicos y quir\u00fargicos de alta precisi\u00f3n.","breadcrumb":{"@id":"https:\/\/coreupdates.avna.com\/es\/capabilities\/plastic-injection-molding\/#breadcrumb"},"inLanguage":"es","potentialAction":[{"@type":"ReadAction","target":["https:\/\/coreupdates.avna.com\/es\/capabilities\/plastic-injection-molding\/"]}]},{"@type":"ImageObject","inLanguage":"es","@id":"https:\/\/coreupdates.avna.com\/es\/capabilities\/plastic-injection-molding\/#primaryimage","url":"https:\/\/coreupdates.avna.com\/wp-content\/uploads\/2018\/12\/Blue-Background-Treatment10.jpg","contentUrl":"https:\/\/coreupdates.avna.com\/wp-content\/uploads\/2018\/12\/Blue-Background-Treatment10.jpg","width":3000,"height":1080},{"@type":"BreadcrumbList","@id":"https:\/\/coreupdates.avna.com\/es\/capabilities\/plastic-injection-molding\/#breadcrumb","itemListElement":[{"@type":"ListItem","position":1,"name":"Home","item":"https:\/\/coreupdates.avna.com\/es\/"},{"@type":"ListItem","position":2,"name":"Capacidades","item":"https:\/\/coreupdates.avna.com\/es\/capabilities\/"},{"@type":"ListItem","position":3,"name":"Moldeo por inyecci\u00f3n de pl\u00e1stico"}]},{"@type":"WebSite","@id":"https:\/\/coreupdates.avna.com\/es\/#website","url":"https:\/\/coreupdates.avna.com\/es\/","name":"AVNA","description":"Innovation Partners for Life","publisher":{"@id":"https:\/\/coreupdates.avna.com\/es\/#organization"},"potentialAction":[{"@type":"SearchAction","target":{"@type":"EntryPoint","urlTemplate":"https:\/\/coreupdates.avna.com\/es\/?s={search_term_string}"},"query-input":{"@type":"PropertyValueSpecification","valueRequired":true,"valueName":"search_term_string"}}],"inLanguage":"es"},{"@type":"Organization","@id":"https:\/\/coreupdates.avna.com\/es\/#organization","name":"AVNA","url":"https:\/\/coreupdates.avna.com\/es\/","logo":{"@type":"ImageObject","inLanguage":"es","@id":"https:\/\/coreupdates.avna.com\/es\/#\/schema\/logo\/image\/","url":"http:\/\/coreupdates.avna.com\/wp-content\/uploads\/2023\/12\/logo-0.png","contentUrl":"http:\/\/coreupdates.avna.com\/wp-content\/uploads\/2023\/12\/logo-0.png","width":387,"height":275,"caption":"AVNA"},"image":{"@id":"https:\/\/coreupdates.avna.com\/es\/#\/schema\/logo\/image\/"}}]}},"_links":{"self":[{"href":"https:\/\/coreupdates.avna.com\/es\/wp-json\/wp\/v2\/pages\/6785","targetHints":{"allow":["GET"]}}],"collection":[{"href":"https:\/\/coreupdates.avna.com\/es\/wp-json\/wp\/v2\/pages"}],"about":[{"href":"https:\/\/coreupdates.avna.com\/es\/wp-json\/wp\/v2\/types\/page"}],"author":[{"embeddable":true,"href":"https:\/\/coreupdates.avna.com\/es\/wp-json\/wp\/v2\/users\/10"}],"replies":[{"embeddable":true,"href":"https:\/\/coreupdates.avna.com\/es\/wp-json\/wp\/v2\/comments?post=6785"}],"version-history":[{"count":17,"href":"https:\/\/coreupdates.avna.com\/es\/wp-json\/wp\/v2\/pages\/6785\/revisions"}],"predecessor-version":[{"id":10646,"href":"https:\/\/coreupdates.avna.com\/es\/wp-json\/wp\/v2\/pages\/6785\/revisions\/10646"}],"up":[{"embeddable":true,"href":"https:\/\/coreupdates.avna.com\/es\/wp-json\/wp\/v2\/pages\/6719"}],"wp:featuredmedia":[{"embeddable":true,"href":"https:\/\/coreupdates.avna.com\/es\/wp-json\/wp\/v2\/media\/6613"}],"wp:attachment":[{"href":"https:\/\/coreupdates.avna.com\/es\/wp-json\/wp\/v2\/media?parent=6785"}],"curies":[{"name":"wp","href":"https:\/\/api.w.org\/{rel}","templated":true}]}}