{"id":6701,"date":"2020-04-14T20:24:13","date_gmt":"2020-04-14T20:24:13","guid":{"rendered":"http:\/\/coreupdates.avna.com\/?page_id=6701"},"modified":"2023-02-07T10:03:41","modified_gmt":"2023-02-07T15:03:41","slug":"news-articles","status":"publish","type":"page","link":"https:\/\/coreupdates.avna.com\/es\/news-articles\/","title":{"rendered":"Noticias"},"content":{"rendered":"\n\n<section class=\"header-block\"><figure class=\"bg\" style=\"background-image: url(https:\/\/coreupdates.avna.com\/wp-content\/uploads\/2018\/12\/Blue-Background-Treatment11.jpg); \"><\/figure><div class=\"section-wrapper\"><div class=\"text-wrapper\"><div class=\"text-background\"><\/div><div class=\"header-image unlock-bottom \" style=\"background-image: url(https:\/\/coreupdates.avna.com\/wp-content\/uploads\/2019\/01\/news_articles_small_header_images_800x400px.png);\"><\/div><div class=\"header-text\"><h1 style=\"width: 100%; top: 0px;\">En los titulares de la prensa<\/h1>\n<h2>Noticias<\/h2>\n<p class=\"news-header-p\"><strong>Cuando haces productos sobresalientes, haces noticias. <\/strong><\/p>\n<\/div><\/div><\/div><\/section>\n\n\n<section class=\"wp-block-smart-section-section white-background\"><div class=\"section-wrapper\">\n<h2 class=\"has-text-align-center wp-block-heading\" id=\"mce_19\">Soluciones creativas y experiencia colaborativa que ofrece resultados.<\/h2>\n\n\n\n<p>En AVNA,  nuestro innovador equipo de fabricaci\u00f3n de componentes m\u00e9dicos ocupa los titulares. Con soluciones innovadoras y procesos innovadores, aportamos m\u00e1s de 100 a\u00f1os de experiencia al mercado de dispositivos m\u00e9dicos. Nuestra gente hace la diferencia, y celebramos y capacitamos a todo nuestro equipo para ayudar a mejorar la salud y salvar vidas. Considere unirse a nosotros: obtenga m\u00e1s informaci\u00f3n en nuestra <a href=\"\/es\/about-okay\/careers\/\">p\u00e1gina de carreras<\/a>.<br><\/p>\n<\/div><\/section>\n\n\n\n<section class=\"wp-block-smart-section-section\"><div class=\"section-wrapper\">\n<h4 class=\"has-text-align-center wp-block-heading\">Descubre algunos de nuestros logros&nbsp; m\u00e1s recientes a continuaci\u00f3n y aprende c\u00f3mo somos <em>Part of Something Greater.<\/em><\/h4>\n\n\n\n<div class=\"wp-block-query is-layout-flow wp-block-query-is-layout-flow\"><ul class=\"is-flex-container columns-3 wp-block-post-template is-layout-flow wp-block-post-template-is-layout-flow\"><li class=\"wp-block-post post-10411 post type-post status-publish format-standard has-post-thumbnail hentry category-english-es category-spanish-2\">\n<h2 class=\"wp-block-post-title has-regular-font-size\"><a href=\"https:\/\/coreupdates.avna.com\/es\/okay-industries-promotes-mario-chaves-sr-to-vice-president-costa-rica-operations\/\" target=\"_self\" >AVNA  asciende a Mario Chaves a vicepresidente -Operaciones en Costa Rica<\/a><\/h2>\n\n<div class=\"wp-block-post-date has-small-font-size\"><time datetime=\"2022-05-19T16:08:01-04:00\">mayo 19, 2022<\/time><\/div>\n\n<div style=\"font-size:14px;\" class=\"wp-block-post-excerpt\"><p class=\"wp-block-post-excerpt__excerpt\">AVNA, Inc. se complace en anunciar la promoci\u00f3n de Mario Chaves a vicepresidente &#8211; Operaciones en Costa Rica.<\/p><p class=\"wp-block-post-excerpt__more-text\"><a class=\"wp-block-post-excerpt__more-link\" href=\"https:\/\/coreupdates.avna.com\/es\/okay-industries-promotes-mario-chaves-sr-to-vice-president-costa-rica-operations\/\">Aprende m\u00e1s &gt;<\/a><\/p><\/div>\n<\/li><li class=\"wp-block-post post-6716 post type-post status-publish format-standard has-post-thumbnail hentry category-english-es category-spanish-2\">\n<h2 class=\"wp-block-post-title has-regular-font-size\"><a href=\"https:\/\/coreupdates.avna.com\/es\/excellence-in-innovation-and-technology-award\/\" target=\"_self\" >AVNA  Costa Rica recibe el Premio a la Excelencia en Innovaci\u00f3n y Tecnolog\u00eda<\/a><\/h2>\n\n<div class=\"wp-block-post-date has-small-font-size\"><time datetime=\"2020-04-14T21:01:08-04:00\">abril 14, 2020<\/time><\/div>\n\n<div style=\"font-size:14px;\" class=\"wp-block-post-excerpt\"><p class=\"wp-block-post-excerpt__excerpt\">AVNA se enorgullece en anunciar que su instalaci\u00f3n costarricense ha recibido el Premio PYME a la Excelencia en Innovaci\u00f3n y Tecnolog\u00eda de la C\u00e1mara de Industrias de Costa Rica por su fabricaci\u00f3n de implantes de titanio.<\/p><p class=\"wp-block-post-excerpt__more-text\"><a class=\"wp-block-post-excerpt__more-link\" href=\"https:\/\/coreupdates.avna.com\/es\/excellence-in-innovation-and-technology-award\/\">Aprende m\u00e1s &gt;<\/a><\/p><\/div>\n<\/li><li class=\"wp-block-post post-6711 post type-post status-publish format-standard has-post-thumbnail hentry category-english-es category-spanish-2\">\n<h2 class=\"wp-block-post-title has-regular-font-size\"><a href=\"https:\/\/coreupdates.avna.com\/es\/okay-industries-inc-receives-supplier-excellence-award-from-medtronic\/\" target=\"_self\" >AVNA,  Inc. Recibe el Premio a la Excelencia de Proveedores entregado por Medtronic<\/a><\/h2>\n\n<div class=\"wp-block-post-date has-small-font-size\"><time datetime=\"2020-04-14T20:49:35-04:00\">abril 14, 2020<\/time><\/div>\n\n<div style=\"font-size:14px;\" class=\"wp-block-post-excerpt\"><p class=\"wp-block-post-excerpt__excerpt\">AVNA, Inc. se enorgullece en anunciar que ha recibido el Premio a la Excelencia de Proveedores 2018 entregado por Medtronic.<\/p><p class=\"wp-block-post-excerpt__more-text\"><a class=\"wp-block-post-excerpt__more-link\" href=\"https:\/\/coreupdates.avna.com\/es\/okay-industries-inc-receives-supplier-excellence-award-from-medtronic\/\">Aprende m\u00e1s &gt;<\/a><\/p><\/div>\n<\/li><li class=\"wp-block-post post-7343 post type-post status-publish format-standard has-post-thumbnail hentry category-english-es category-spanish-2\">\n<h2 class=\"wp-block-post-title has-regular-font-size\"><a href=\"https:\/\/coreupdates.avna.com\/es\/tube-laser-cutting-and-machining-benefits\/\" target=\"_self\" >Beneficios del mecanizado y corte de tubos por l\u00e1ser<\/a><\/h2>\n\n<div class=\"wp-block-post-date has-small-font-size\"><time datetime=\"2020-01-29T19:21:41-05:00\">enero 29, 2020<\/time><\/div>\n\n<div style=\"font-size:14px;\" class=\"wp-block-post-excerpt\"><p class=\"wp-block-post-excerpt__excerpt\"><\/p><p class=\"wp-block-post-excerpt__more-text\"><a class=\"wp-block-post-excerpt__more-link\" href=\"https:\/\/coreupdates.avna.com\/es\/tube-laser-cutting-and-machining-benefits\/\">Aprende m\u00e1s &gt;<\/a><\/p><\/div>\n<\/li><\/ul>\n\n\n\n<\/div>\n<\/div><\/section>\n","protected":false},"excerpt":{"rendered":"","protected":false},"author":10,"featured_media":6659,"parent":0,"menu_order":14,"comment_status":"closed","ping_status":"closed","template":"","meta":{"_acf_changed":false,"footnotes":""},"class_list":["post-6701","page","type-page","status-publish","has-post-thumbnail","hentry"],"acf":[],"yoast_head":"<!-- This site is optimized with the Yoast SEO Premium plugin v20.12 (Yoast SEO v25.4) - https:\/\/yoast.com\/wordpress\/plugins\/seo\/ -->\n<title>Noticias de fabricaci\u00f3n de componentes m\u00e9dicos | AVNA<\/title>\n<meta name=\"description\" content=\"Cuando realizas productos sobresalientes, creas noticias: conozca sobre los premios de fabricaci\u00f3n de componentes m\u00e9dicos, anuncios y noticias destacadas deAVNA .\" \/>\n<meta name=\"robots\" content=\"index, follow, max-snippet:-1, max-image-preview:large, max-video-preview:-1\" \/>\n<link rel=\"canonical\" href=\"https:\/\/coreupdates.avna.com\/es\/news-articles\/\" \/>\n<meta property=\"og:locale\" content=\"es_ES\" \/>\n<meta property=\"og:type\" content=\"article\" \/>\n<meta property=\"og:title\" content=\"Noticias\" \/>\n<meta property=\"og:description\" content=\"Cuando realizas productos sobresalientes, creas noticias: conozca sobre los premios de fabricaci\u00f3n de componentes m\u00e9dicos, anuncios y noticias destacadas deAVNA .\" \/>\n<meta property=\"og:url\" content=\"https:\/\/coreupdates.avna.com\/es\/news-articles\/\" \/>\n<meta property=\"og:site_name\" content=\"AVNA\" \/>\n<meta property=\"article:modified_time\" content=\"2023-02-07T15:03:41+00:00\" \/>\n<meta property=\"og:image\" content=\"https:\/\/coreupdates.avna.com\/wp-content\/uploads\/2018\/12\/Blue-Background-Treatment11.jpg\" \/>\n\t<meta property=\"og:image:width\" content=\"3000\" \/>\n\t<meta property=\"og:image:height\" content=\"1080\" \/>\n\t<meta property=\"og:image:type\" content=\"image\/jpeg\" \/>\n<meta name=\"twitter:card\" content=\"summary_large_image\" \/>\n<meta name=\"twitter:label1\" content=\"Tiempo de lectura\" \/>\n\t<meta name=\"twitter:data1\" content=\"1 minuto\" \/>\n<script type=\"application\/ld+json\" class=\"yoast-schema-graph\">{\"@context\":\"https:\/\/schema.org\",\"@graph\":[{\"@type\":\"WebPage\",\"@id\":\"https:\/\/coreupdates.avna.com\/es\/news-articles\/\",\"url\":\"https:\/\/coreupdates.avna.com\/es\/news-articles\/\",\"name\":\"Noticias de fabricaci\u00f3n de componentes m\u00e9dicos | AVNA\",\"isPartOf\":{\"@id\":\"https:\/\/coreupdates.avna.com\/es\/#website\"},\"primaryImageOfPage\":{\"@id\":\"https:\/\/coreupdates.avna.com\/es\/news-articles\/#primaryimage\"},\"image\":{\"@id\":\"https:\/\/coreupdates.avna.com\/es\/news-articles\/#primaryimage\"},\"thumbnailUrl\":\"https:\/\/coreupdates.avna.com\/wp-content\/uploads\/2018\/12\/Blue-Background-Treatment11.jpg\",\"datePublished\":\"2020-04-14T20:24:13+00:00\",\"dateModified\":\"2023-02-07T15:03:41+00:00\",\"description\":\"Cuando realizas productos sobresalientes, creas noticias: conozca sobre los premios de fabricaci\u00f3n de componentes m\u00e9dicos, anuncios y noticias destacadas deAVNA .\",\"breadcrumb\":{\"@id\":\"https:\/\/coreupdates.avna.com\/es\/news-articles\/#breadcrumb\"},\"inLanguage\":\"es\",\"potentialAction\":[{\"@type\":\"ReadAction\",\"target\":[\"https:\/\/coreupdates.avna.com\/es\/news-articles\/\"]}]},{\"@type\":\"ImageObject\",\"inLanguage\":\"es\",\"@id\":\"https:\/\/coreupdates.avna.com\/es\/news-articles\/#primaryimage\",\"url\":\"https:\/\/coreupdates.avna.com\/wp-content\/uploads\/2018\/12\/Blue-Background-Treatment11.jpg\",\"contentUrl\":\"https:\/\/coreupdates.avna.com\/wp-content\/uploads\/2018\/12\/Blue-Background-Treatment11.jpg\",\"width\":3000,\"height\":1080},{\"@type\":\"BreadcrumbList\",\"@id\":\"https:\/\/coreupdates.avna.com\/es\/news-articles\/#breadcrumb\",\"itemListElement\":[{\"@type\":\"ListItem\",\"position\":1,\"name\":\"Home\",\"item\":\"https:\/\/coreupdates.avna.com\/es\/\"},{\"@type\":\"ListItem\",\"position\":2,\"name\":\"Noticias\"}]},{\"@type\":\"WebSite\",\"@id\":\"https:\/\/coreupdates.avna.com\/es\/#website\",\"url\":\"https:\/\/coreupdates.avna.com\/es\/\",\"name\":\"AVNA\",\"description\":\"Innovation Partners for Life\",\"publisher\":{\"@id\":\"https:\/\/coreupdates.avna.com\/es\/#organization\"},\"potentialAction\":[{\"@type\":\"SearchAction\",\"target\":{\"@type\":\"EntryPoint\",\"urlTemplate\":\"https:\/\/coreupdates.avna.com\/es\/?s={search_term_string}\"},\"query-input\":{\"@type\":\"PropertyValueSpecification\",\"valueRequired\":true,\"valueName\":\"search_term_string\"}}],\"inLanguage\":\"es\"},{\"@type\":\"Organization\",\"@id\":\"https:\/\/coreupdates.avna.com\/es\/#organization\",\"name\":\"AVNA\",\"url\":\"https:\/\/coreupdates.avna.com\/es\/\",\"logo\":{\"@type\":\"ImageObject\",\"inLanguage\":\"es\",\"@id\":\"https:\/\/coreupdates.avna.com\/es\/#\/schema\/logo\/image\/\",\"url\":\"http:\/\/coreupdates.avna.com\/wp-content\/uploads\/2023\/12\/logo-0.png\",\"contentUrl\":\"http:\/\/coreupdates.avna.com\/wp-content\/uploads\/2023\/12\/logo-0.png\",\"width\":387,\"height\":275,\"caption\":\"AVNA\"},\"image\":{\"@id\":\"https:\/\/coreupdates.avna.com\/es\/#\/schema\/logo\/image\/\"}}]}<\/script>\n<!-- \/ Yoast SEO Premium plugin. -->","yoast_head_json":{"title":"Noticias de fabricaci\u00f3n de componentes m\u00e9dicos | AVNA","description":"Cuando realizas productos sobresalientes, creas noticias: conozca sobre los premios de fabricaci\u00f3n de componentes m\u00e9dicos, anuncios y noticias destacadas deAVNA .","robots":{"index":"index","follow":"follow","max-snippet":"max-snippet:-1","max-image-preview":"max-image-preview:large","max-video-preview":"max-video-preview:-1"},"canonical":"https:\/\/coreupdates.avna.com\/es\/news-articles\/","og_locale":"es_ES","og_type":"article","og_title":"Noticias","og_description":"Cuando realizas productos sobresalientes, creas noticias: conozca sobre los premios de fabricaci\u00f3n de componentes m\u00e9dicos, anuncios y noticias destacadas deAVNA .","og_url":"https:\/\/coreupdates.avna.com\/es\/news-articles\/","og_site_name":"AVNA","article_modified_time":"2023-02-07T15:03:41+00:00","og_image":[{"width":3000,"height":1080,"url":"https:\/\/coreupdates.avna.com\/wp-content\/uploads\/2018\/12\/Blue-Background-Treatment11.jpg","type":"image\/jpeg"}],"twitter_card":"summary_large_image","twitter_misc":{"Tiempo de lectura":"1 minuto"},"schema":{"@context":"https:\/\/schema.org","@graph":[{"@type":"WebPage","@id":"https:\/\/coreupdates.avna.com\/es\/news-articles\/","url":"https:\/\/coreupdates.avna.com\/es\/news-articles\/","name":"Noticias de fabricaci\u00f3n de componentes m\u00e9dicos | AVNA","isPartOf":{"@id":"https:\/\/coreupdates.avna.com\/es\/#website"},"primaryImageOfPage":{"@id":"https:\/\/coreupdates.avna.com\/es\/news-articles\/#primaryimage"},"image":{"@id":"https:\/\/coreupdates.avna.com\/es\/news-articles\/#primaryimage"},"thumbnailUrl":"https:\/\/coreupdates.avna.com\/wp-content\/uploads\/2018\/12\/Blue-Background-Treatment11.jpg","datePublished":"2020-04-14T20:24:13+00:00","dateModified":"2023-02-07T15:03:41+00:00","description":"Cuando realizas productos sobresalientes, creas noticias: conozca sobre los premios de fabricaci\u00f3n de componentes m\u00e9dicos, anuncios y noticias destacadas deAVNA .","breadcrumb":{"@id":"https:\/\/coreupdates.avna.com\/es\/news-articles\/#breadcrumb"},"inLanguage":"es","potentialAction":[{"@type":"ReadAction","target":["https:\/\/coreupdates.avna.com\/es\/news-articles\/"]}]},{"@type":"ImageObject","inLanguage":"es","@id":"https:\/\/coreupdates.avna.com\/es\/news-articles\/#primaryimage","url":"https:\/\/coreupdates.avna.com\/wp-content\/uploads\/2018\/12\/Blue-Background-Treatment11.jpg","contentUrl":"https:\/\/coreupdates.avna.com\/wp-content\/uploads\/2018\/12\/Blue-Background-Treatment11.jpg","width":3000,"height":1080},{"@type":"BreadcrumbList","@id":"https:\/\/coreupdates.avna.com\/es\/news-articles\/#breadcrumb","itemListElement":[{"@type":"ListItem","position":1,"name":"Home","item":"https:\/\/coreupdates.avna.com\/es\/"},{"@type":"ListItem","position":2,"name":"Noticias"}]},{"@type":"WebSite","@id":"https:\/\/coreupdates.avna.com\/es\/#website","url":"https:\/\/coreupdates.avna.com\/es\/","name":"AVNA","description":"Innovation Partners for Life","publisher":{"@id":"https:\/\/coreupdates.avna.com\/es\/#organization"},"potentialAction":[{"@type":"SearchAction","target":{"@type":"EntryPoint","urlTemplate":"https:\/\/coreupdates.avna.com\/es\/?s={search_term_string}"},"query-input":{"@type":"PropertyValueSpecification","valueRequired":true,"valueName":"search_term_string"}}],"inLanguage":"es"},{"@type":"Organization","@id":"https:\/\/coreupdates.avna.com\/es\/#organization","name":"AVNA","url":"https:\/\/coreupdates.avna.com\/es\/","logo":{"@type":"ImageObject","inLanguage":"es","@id":"https:\/\/coreupdates.avna.com\/es\/#\/schema\/logo\/image\/","url":"http:\/\/coreupdates.avna.com\/wp-content\/uploads\/2023\/12\/logo-0.png","contentUrl":"http:\/\/coreupdates.avna.com\/wp-content\/uploads\/2023\/12\/logo-0.png","width":387,"height":275,"caption":"AVNA"},"image":{"@id":"https:\/\/coreupdates.avna.com\/es\/#\/schema\/logo\/image\/"}}]}},"_links":{"self":[{"href":"https:\/\/coreupdates.avna.com\/es\/wp-json\/wp\/v2\/pages\/6701","targetHints":{"allow":["GET"]}}],"collection":[{"href":"https:\/\/coreupdates.avna.com\/es\/wp-json\/wp\/v2\/pages"}],"about":[{"href":"https:\/\/coreupdates.avna.com\/es\/wp-json\/wp\/v2\/types\/page"}],"author":[{"embeddable":true,"href":"https:\/\/coreupdates.avna.com\/es\/wp-json\/wp\/v2\/users\/10"}],"replies":[{"embeddable":true,"href":"https:\/\/coreupdates.avna.com\/es\/wp-json\/wp\/v2\/comments?post=6701"}],"version-history":[{"count":21,"href":"https:\/\/coreupdates.avna.com\/es\/wp-json\/wp\/v2\/pages\/6701\/revisions"}],"predecessor-version":[{"id":11062,"href":"https:\/\/coreupdates.avna.com\/es\/wp-json\/wp\/v2\/pages\/6701\/revisions\/11062"}],"wp:featuredmedia":[{"embeddable":true,"href":"https:\/\/coreupdates.avna.com\/es\/wp-json\/wp\/v2\/media\/6659"}],"wp:attachment":[{"href":"https:\/\/coreupdates.avna.com\/es\/wp-json\/wp\/v2\/media?parent=6701"}],"curies":[{"name":"wp","href":"https:\/\/api.w.org\/{rel}","templated":true}]}}