{"id":6647,"date":"2018-12-13T20:12:17","date_gmt":"2018-12-13T20:12:17","guid":{"rendered":"http:\/\/coreupdates.avna.com\/about-okay\/locations\/"},"modified":"2025-05-05T14:41:26","modified_gmt":"2025-05-05T18:41:26","slug":"locations","status":"publish","type":"page","link":"https:\/\/coreupdates.avna.com\/es\/about-okay\/locations\/","title":{"rendered":"Ubicaciones"},"content":{"rendered":"\n\n<section class=\"header-block\"><figure class=\"bg\" style=\"background-image: url(https:\/\/coreupdates.avna.com\/wp-content\/uploads\/2018\/12\/Blue-Background-Treatment12.jpg); \"><\/figure><div class=\"section-wrapper\"><div class=\"text-wrapper\"><div class=\"text-background\"><\/div><div class=\"header-image \" style=\"background-image: url(https:\/\/coreupdates.avna.com\/wp-content\/uploads\/2024\/11\/corp-building-header_new.png);\"><\/div><div class=\"header-text\"><h1>Instalaciones de fabricaci\u00f3n<\/h1>\n<h2>Ubicaciones deAVNA<\/h2>\n<p><strong>Procesos de precisi\u00f3n, dise\u00f1o interno de herramientas y capacidades de construcci\u00f3n, tecnolog\u00edas de vanguardia y un equipo de expertos se unen en nuestras tres ubicaciones. Combinados, forman una de las redes de instalaciones de fabricaci\u00f3n de dispositivos m\u00e9dicos m\u00e1s avanzadas del mundo.<\/strong><\/p>\n<p>Con m\u00e1s de 20996m<sup>2<\/sup> de espacio, AVNA ofrece tres ubicaciones para entregar resultados de fabricaci\u00f3n de dispositivos m\u00e9dicos sin igual. Nuestras plantas en los Estados Unidos y Costa Rica integran experiencia en ingenier\u00eda, equipos avanzados y procesos centrados en el cliente para ofrecer resultados globales. Es nuestro compromiso apasionado con la calidad y la excelencia, lo que llamamos The AVNA Way, lo que ayuda a nuestros clientes a mejorar la salud y la vida.<\/p>\n<\/div><\/div><\/div><\/section>\n\n\n<section class=\"wp-block-smart-section-section white-background\"><div class=\"section-wrapper\">\n<h2 class=\"has-text-align-center wp-block-heading\" id=\"mce_19\">Expertos que colaboran con usted desde el concepto hasta la creaci\u00f3n del dispositivo.<\/h2>\n\n\n\n<p>Desde nuestra fundaci\u00f3n en Nueva Breta\u00f1a, Connecticut, hace m\u00e1s de un siglo, AVNA  se ha convertido en una red de instalaciones de fabricaci\u00f3n de dispositivos m\u00e9dicos. Nuestra gente es nuestra diferencia. Ingenieros experimentados, planificadores de fabricaci\u00f3n, maestros fabricantes de herramientas y expertos en metales brindan soporte total durante todo el ciclo de desarrollo y lanzamiento del producto. Ofrecemos <a href=\"http:\/\/coreupdates.avna.com\/es\/design-support-and-development\/partners-not-just-project-management\/\">gesti\u00f3n de proyectos<\/a> a nivel mundial y un equipo de expertos en ingenier\u00eda y fabricaci\u00f3n, que entregan resultados en los que conf\u00edan los OEM de dispositivos m\u00e9dicos m\u00e1s grandes del mundo.<\/p>\n<\/div><\/section>\n\n\n\n<section class=\"wp-block-smart-section-section\"><div class=\"section-wrapper\">\n<p>Con certificaci\u00f3n ISO 13485, nuestras operaciones est\u00e1n dise\u00f1adas para garantizar <a href=\"http:\/\/coreupdates.avna.com\/es\/quality\/compliance-processes\/\">la calidad y el cumplimiento<\/a>. Cada una de nuestras tres instalaciones de fabricaci\u00f3n de dispositivos m\u00e9dicos opera con equipos y tecnolog\u00edas de vanguardia, brindando capacitaci\u00f3n continua y desarrollo de procesos innovadores para garantizar que superamos las expectativas de calidad de los clientes. Nuestras instalaciones de fabricaci\u00f3n de dispositivos m\u00e9dicos incluyen:<\/p>\n\n\n\n<div class=\"wp-block-columns has-3-columns dividers is-layout-flex wp-container-core-columns-is-layout-9d6595d7 wp-block-columns-is-layout-flex\">\n<div class=\"wp-block-column padding-bottom-none is-layout-flow wp-block-column-is-layout-flow\">\n<figure class=\"wp-block-image alignwide size-full\"><img decoding=\"async\" width=\"600\" height=\"294\" src=\"http:\/\/coreupdates.avna.com\/wp-content\/uploads\/2024\/11\/New-Britain_1200x587_locations_2024.jpg\" alt=\"New Britain, CT Contract Manufacturing Center\" class=\"wp-image-12389\" srcset=\"https:\/\/coreupdates.avna.com\/wp-content\/uploads\/2024\/11\/New-Britain_1200x587_locations_2024.jpg 600w, https:\/\/coreupdates.avna.com\/wp-content\/uploads\/2024\/11\/New-Britain_1200x587_locations_2024-300x147.jpg 300w, https:\/\/coreupdates.avna.com\/wp-content\/uploads\/2024\/11\/New-Britain_1200x587_locations_2024-100x49.jpg 100w, https:\/\/coreupdates.avna.com\/wp-content\/uploads\/2024\/11\/New-Britain_1200x587_locations_2024-200x98.jpg 200w, https:\/\/coreupdates.avna.com\/wp-content\/uploads\/2024\/11\/New-Britain_1200x587_locations_2024-400x196.jpg 400w\" sizes=\"(max-width: 600px) 100vw, 600px\" \/><\/figure>\n\n\n\n<p class=\"padding-bottom-none\">200 Ellis Street &#8211; <strong>Headquarters<\/strong><br>New Britain, CT 06051<br>Tel: <a href=\"tel:+18602258707\">860-225-8707<\/a><br>Fax <a href=\"tel:+18602257047\">860-225-7047<\/a><\/p>\n<\/div>\n\n\n\n<div class=\"wp-block-column padding-bottom-none is-layout-flow wp-block-column-is-layout-flow\">\n<figure class=\"wp-block-image alignwide size-full\"><img decoding=\"async\" width=\"600\" height=\"294\" src=\"http:\/\/coreupdates.avna.com\/wp-content\/uploads\/2024\/11\/Berlin_1200x587_locations_pg-600x294-1.jpg\" alt=\"Berlin, CT Contract Manufacturing Center\" class=\"wp-image-12387\" srcset=\"https:\/\/coreupdates.avna.com\/wp-content\/uploads\/2024\/11\/Berlin_1200x587_locations_pg-600x294-1.jpg 600w, https:\/\/coreupdates.avna.com\/wp-content\/uploads\/2024\/11\/Berlin_1200x587_locations_pg-600x294-1-300x147.jpg 300w, https:\/\/coreupdates.avna.com\/wp-content\/uploads\/2024\/11\/Berlin_1200x587_locations_pg-600x294-1-100x49.jpg 100w, https:\/\/coreupdates.avna.com\/wp-content\/uploads\/2024\/11\/Berlin_1200x587_locations_pg-600x294-1-200x98.jpg 200w, https:\/\/coreupdates.avna.com\/wp-content\/uploads\/2024\/11\/Berlin_1200x587_locations_pg-600x294-1-400x196.jpg 400w\" sizes=\"(max-width: 600px) 100vw, 600px\" \/><\/figure>\n\n\n\n<p class=\"padding-bottom-none\">245 New Park Drive<br>Berlin, CT 06037<br>Tel: <a href=\"tel:+18602258707\">860-225-8707<\/a><br>Fax <a href=\"tel:+18602257047\">860-225-7047<\/a><br><\/p>\n<\/div>\n\n\n\n<div class=\"wp-block-column padding-bottom-none is-layout-flow wp-block-column-is-layout-flow\">\n<figure class=\"wp-block-image alignwide size-full\"><img decoding=\"async\" width=\"600\" height=\"294\" src=\"http:\/\/coreupdates.avna.com\/wp-content\/uploads\/2025\/01\/Cost-Rica_1200x587_location-2025.jpg\" alt=\"Costa Rica Medical Contract Manufacturing Center\" class=\"wp-image-12559\" srcset=\"https:\/\/coreupdates.avna.com\/wp-content\/uploads\/2025\/01\/Cost-Rica_1200x587_location-2025.jpg 600w, https:\/\/coreupdates.avna.com\/wp-content\/uploads\/2025\/01\/Cost-Rica_1200x587_location-2025-300x147.jpg 300w, https:\/\/coreupdates.avna.com\/wp-content\/uploads\/2025\/01\/Cost-Rica_1200x587_location-2025-100x49.jpg 100w, https:\/\/coreupdates.avna.com\/wp-content\/uploads\/2025\/01\/Cost-Rica_1200x587_location-2025-200x98.jpg 200w, https:\/\/coreupdates.avna.com\/wp-content\/uploads\/2025\/01\/Cost-Rica_1200x587_location-2025-400x196.jpg 400w\" sizes=\"(max-width: 600px) 100vw, 600px\" \/><\/figure>\n\n\n<div class=\"wp-block-image\">\n<figure class=\"alignright is-resized\"><img decoding=\"async\" src=\"http:\/\/coreupdates.avna.com\/wp-content\/uploads\/2019\/01\/we-are-costa-rica.png\" alt=\"\" class=\"wp-image-2844\" width=\"149\" height=\"150\"\/><\/figure><\/div>\n\n\n<p class=\"padding-bottom-none\">Evolution Free Zone, Alajuela, Grecia, Building #5<br>Tel:&nbsp;<a href=\"tel:+150640809850\">+ 506-4080-9850<\/a><br>Fax: <a href=\"tel:+150624324531\">+ 506-2432-4531<\/a><\/p>\n\n\n\n<p><a href=\"http:\/\/coreupdates.avna.com\/es\/about-okay\/locations\/fabricacion-de-dispositivos-medicos-en-costa-rica\/\">Conozca nuestras instalaciones en Costa Rica<\/a><\/p>\n<\/div>\n<\/div>\n\n\n\n<div class=\"wp-block-media-text alignwide has-media-on-the-right is-stacked-on-mobile callout-image cta-it\" style=\"grid-template-columns:auto 49%\"><div class=\"wp-block-media-text__content\">\n<h3 class=\"wp-block-heading\">Cada instalaci\u00f3n, cada miembro del equipo es <em>Part of Something Greater<\/em><\/h3>\n\n\n\n<p class=\"has-regular-font-size\">Estamos listos para cumplir con las rigurosas demandas de los OEM de dispositivos m\u00e9dicos. Fabricamos gran cantidad de proyectos que se producen en celdas de fabricaci\u00f3n desarrolladas a medida, siempre garantizando que cumplan con las especificaciones exactas.<br><\/p>\n\n\n\n<p><a href=\"http:\/\/coreupdates.avna.com\/es\/contact-us\/\">Cont\u00e1ctenos<\/a> o solicite una cita en nuestros <a href=\"http:\/\/coreupdates.avna.com\/es\/design-support-and-development\/nextech-labs\/\">Laboratorios NexTech<\/a> y descubra c\u00f3mo nuestra colaboraci\u00f3n centrada en el cliente mejorar\u00e1 los resultados en su pr\u00f3ximo proyecto.<\/p>\n<\/div><figure class=\"wp-block-media-text__media\"><img decoding=\"async\" width=\"800\" height=\"535\" src=\"http:\/\/coreupdates.avna.com\/wp-content\/uploads\/2019\/09\/OKAY-INDUSTRIES-30.jpg\" alt=\"\" class=\"wp-image-5286 size-full\" srcset=\"https:\/\/coreupdates.avna.com\/wp-content\/uploads\/2019\/09\/OKAY-INDUSTRIES-30.jpg 800w, https:\/\/coreupdates.avna.com\/wp-content\/uploads\/2019\/09\/OKAY-INDUSTRIES-30-300x201.jpg 300w, https:\/\/coreupdates.avna.com\/wp-content\/uploads\/2019\/09\/OKAY-INDUSTRIES-30-768x514.jpg 768w, https:\/\/coreupdates.avna.com\/wp-content\/uploads\/2019\/09\/OKAY-INDUSTRIES-30-100x67.jpg 100w, https:\/\/coreupdates.avna.com\/wp-content\/uploads\/2019\/09\/OKAY-INDUSTRIES-30-200x134.jpg 200w, https:\/\/coreupdates.avna.com\/wp-content\/uploads\/2019\/09\/OKAY-INDUSTRIES-30-400x268.jpg 400w, https:\/\/coreupdates.avna.com\/wp-content\/uploads\/2019\/09\/OKAY-INDUSTRIES-30-600x401.jpg 600w\" sizes=\"(max-width: 800px) 100vw, 800px\" \/><\/figure><\/div>\n<\/div><\/section>\n","protected":false},"excerpt":{"rendered":"","protected":false},"author":1,"featured_media":6649,"parent":6611,"menu_order":9,"comment_status":"closed","ping_status":"closed","template":"","meta":{"_acf_changed":false,"footnotes":""},"class_list":["post-6647","page","type-page","status-publish","has-post-thumbnail","hentry"],"acf":[],"yoast_head":"<!-- This site is optimized with the Yoast SEO Premium plugin v20.12 (Yoast SEO v25.4) - https:\/\/yoast.com\/wordpress\/plugins\/seo\/ -->\n<title>Instalaciones de fabricaci\u00f3n de dispositivos m\u00e9dicos | AVNA<\/title>\n<meta name=\"description\" content=\"Con 3 instalaciones de fabricaci\u00f3n de dispositivos m\u00e9dicos en los EE. UU. y Costa Rica, AVNA ofrece fabricaci\u00f3n e ingenier\u00eda por contrato experta para los trabajos m\u00e1s dif\u00edciles.\" \/>\n<meta name=\"robots\" content=\"index, follow, max-snippet:-1, max-image-preview:large, max-video-preview:-1\" \/>\n<link rel=\"canonical\" href=\"https:\/\/coreupdates.avna.com\/es\/about-okay\/locations\/\" \/>\n<meta property=\"og:locale\" content=\"es_ES\" \/>\n<meta property=\"og:type\" content=\"article\" \/>\n<meta property=\"og:title\" content=\"Ubicaciones\" \/>\n<meta property=\"og:description\" content=\"Con 3 instalaciones de fabricaci\u00f3n de dispositivos m\u00e9dicos en los EE. UU. y Costa Rica, AVNA ofrece fabricaci\u00f3n e ingenier\u00eda por contrato experta para los trabajos m\u00e1s dif\u00edciles.\" \/>\n<meta property=\"og:url\" content=\"https:\/\/coreupdates.avna.com\/es\/about-okay\/locations\/\" \/>\n<meta property=\"og:site_name\" content=\"AVNA\" \/>\n<meta property=\"article:modified_time\" content=\"2025-05-05T18:41:26+00:00\" \/>\n<meta property=\"og:image\" content=\"https:\/\/coreupdates.avna.com\/wp-content\/uploads\/2018\/12\/Blue-Background-Treatment12.jpg\" \/>\n\t<meta property=\"og:image:width\" content=\"3000\" \/>\n\t<meta property=\"og:image:height\" content=\"1080\" \/>\n\t<meta property=\"og:image:type\" content=\"image\/jpeg\" \/>\n<meta name=\"twitter:card\" content=\"summary_large_image\" \/>\n<meta name=\"twitter:label1\" content=\"Tiempo de lectura\" \/>\n\t<meta name=\"twitter:data1\" content=\"2 minutos\" \/>\n<script type=\"application\/ld+json\" class=\"yoast-schema-graph\">{\"@context\":\"https:\/\/schema.org\",\"@graph\":[{\"@type\":\"WebPage\",\"@id\":\"https:\/\/coreupdates.avna.com\/es\/about-okay\/locations\/\",\"url\":\"https:\/\/coreupdates.avna.com\/es\/about-okay\/locations\/\",\"name\":\"Instalaciones de fabricaci\u00f3n de dispositivos m\u00e9dicos | AVNA\",\"isPartOf\":{\"@id\":\"https:\/\/coreupdates.avna.com\/es\/#website\"},\"primaryImageOfPage\":{\"@id\":\"https:\/\/coreupdates.avna.com\/es\/about-okay\/locations\/#primaryimage\"},\"image\":{\"@id\":\"https:\/\/coreupdates.avna.com\/es\/about-okay\/locations\/#primaryimage\"},\"thumbnailUrl\":\"https:\/\/coreupdates.avna.com\/wp-content\/uploads\/2018\/12\/Blue-Background-Treatment12.jpg\",\"datePublished\":\"2018-12-13T20:12:17+00:00\",\"dateModified\":\"2025-05-05T18:41:26+00:00\",\"description\":\"Con 3 instalaciones de fabricaci\u00f3n de dispositivos m\u00e9dicos en los EE. UU. y Costa Rica, AVNA ofrece fabricaci\u00f3n e ingenier\u00eda por contrato experta para los trabajos m\u00e1s dif\u00edciles.\",\"breadcrumb\":{\"@id\":\"https:\/\/coreupdates.avna.com\/es\/about-okay\/locations\/#breadcrumb\"},\"inLanguage\":\"es\",\"potentialAction\":[{\"@type\":\"ReadAction\",\"target\":[\"https:\/\/coreupdates.avna.com\/es\/about-okay\/locations\/\"]}]},{\"@type\":\"ImageObject\",\"inLanguage\":\"es\",\"@id\":\"https:\/\/coreupdates.avna.com\/es\/about-okay\/locations\/#primaryimage\",\"url\":\"https:\/\/coreupdates.avna.com\/wp-content\/uploads\/2018\/12\/Blue-Background-Treatment12.jpg\",\"contentUrl\":\"https:\/\/coreupdates.avna.com\/wp-content\/uploads\/2018\/12\/Blue-Background-Treatment12.jpg\",\"width\":3000,\"height\":1080},{\"@type\":\"BreadcrumbList\",\"@id\":\"https:\/\/coreupdates.avna.com\/es\/about-okay\/locations\/#breadcrumb\",\"itemListElement\":[{\"@type\":\"ListItem\",\"position\":1,\"name\":\"Home\",\"item\":\"https:\/\/coreupdates.avna.com\/es\/\"},{\"@type\":\"ListItem\",\"position\":2,\"name\":\"SobreAVNA\",\"item\":\"https:\/\/coreupdates.avna.com\/es\/about-okay\/\"},{\"@type\":\"ListItem\",\"position\":3,\"name\":\"Ubicaciones\"}]},{\"@type\":\"WebSite\",\"@id\":\"https:\/\/coreupdates.avna.com\/es\/#website\",\"url\":\"https:\/\/coreupdates.avna.com\/es\/\",\"name\":\"AVNA\",\"description\":\"Innovation Partners for Life\",\"publisher\":{\"@id\":\"https:\/\/coreupdates.avna.com\/es\/#organization\"},\"potentialAction\":[{\"@type\":\"SearchAction\",\"target\":{\"@type\":\"EntryPoint\",\"urlTemplate\":\"https:\/\/coreupdates.avna.com\/es\/?s={search_term_string}\"},\"query-input\":{\"@type\":\"PropertyValueSpecification\",\"valueRequired\":true,\"valueName\":\"search_term_string\"}}],\"inLanguage\":\"es\"},{\"@type\":\"Organization\",\"@id\":\"https:\/\/coreupdates.avna.com\/es\/#organization\",\"name\":\"AVNA\",\"url\":\"https:\/\/coreupdates.avna.com\/es\/\",\"logo\":{\"@type\":\"ImageObject\",\"inLanguage\":\"es\",\"@id\":\"https:\/\/coreupdates.avna.com\/es\/#\/schema\/logo\/image\/\",\"url\":\"http:\/\/coreupdates.avna.com\/wp-content\/uploads\/2023\/12\/logo-0.png\",\"contentUrl\":\"http:\/\/coreupdates.avna.com\/wp-content\/uploads\/2023\/12\/logo-0.png\",\"width\":387,\"height\":275,\"caption\":\"AVNA\"},\"image\":{\"@id\":\"https:\/\/coreupdates.avna.com\/es\/#\/schema\/logo\/image\/\"}}]}<\/script>\n<!-- \/ Yoast SEO Premium plugin. -->","yoast_head_json":{"title":"Instalaciones de fabricaci\u00f3n de dispositivos m\u00e9dicos | AVNA","description":"Con 3 instalaciones de fabricaci\u00f3n de dispositivos m\u00e9dicos en los EE. UU. y Costa Rica, AVNA ofrece fabricaci\u00f3n e ingenier\u00eda por contrato experta para los trabajos m\u00e1s dif\u00edciles.","robots":{"index":"index","follow":"follow","max-snippet":"max-snippet:-1","max-image-preview":"max-image-preview:large","max-video-preview":"max-video-preview:-1"},"canonical":"https:\/\/coreupdates.avna.com\/es\/about-okay\/locations\/","og_locale":"es_ES","og_type":"article","og_title":"Ubicaciones","og_description":"Con 3 instalaciones de fabricaci\u00f3n de dispositivos m\u00e9dicos en los EE. UU. y Costa Rica, AVNA ofrece fabricaci\u00f3n e ingenier\u00eda por contrato experta para los trabajos m\u00e1s dif\u00edciles.","og_url":"https:\/\/coreupdates.avna.com\/es\/about-okay\/locations\/","og_site_name":"AVNA","article_modified_time":"2025-05-05T18:41:26+00:00","og_image":[{"width":3000,"height":1080,"url":"https:\/\/coreupdates.avna.com\/wp-content\/uploads\/2018\/12\/Blue-Background-Treatment12.jpg","type":"image\/jpeg"}],"twitter_card":"summary_large_image","twitter_misc":{"Tiempo de lectura":"2 minutos"},"schema":{"@context":"https:\/\/schema.org","@graph":[{"@type":"WebPage","@id":"https:\/\/coreupdates.avna.com\/es\/about-okay\/locations\/","url":"https:\/\/coreupdates.avna.com\/es\/about-okay\/locations\/","name":"Instalaciones de fabricaci\u00f3n de dispositivos m\u00e9dicos | AVNA","isPartOf":{"@id":"https:\/\/coreupdates.avna.com\/es\/#website"},"primaryImageOfPage":{"@id":"https:\/\/coreupdates.avna.com\/es\/about-okay\/locations\/#primaryimage"},"image":{"@id":"https:\/\/coreupdates.avna.com\/es\/about-okay\/locations\/#primaryimage"},"thumbnailUrl":"https:\/\/coreupdates.avna.com\/wp-content\/uploads\/2018\/12\/Blue-Background-Treatment12.jpg","datePublished":"2018-12-13T20:12:17+00:00","dateModified":"2025-05-05T18:41:26+00:00","description":"Con 3 instalaciones de fabricaci\u00f3n de dispositivos m\u00e9dicos en los EE. UU. y Costa Rica, AVNA ofrece fabricaci\u00f3n e ingenier\u00eda por contrato experta para los trabajos m\u00e1s dif\u00edciles.","breadcrumb":{"@id":"https:\/\/coreupdates.avna.com\/es\/about-okay\/locations\/#breadcrumb"},"inLanguage":"es","potentialAction":[{"@type":"ReadAction","target":["https:\/\/coreupdates.avna.com\/es\/about-okay\/locations\/"]}]},{"@type":"ImageObject","inLanguage":"es","@id":"https:\/\/coreupdates.avna.com\/es\/about-okay\/locations\/#primaryimage","url":"https:\/\/coreupdates.avna.com\/wp-content\/uploads\/2018\/12\/Blue-Background-Treatment12.jpg","contentUrl":"https:\/\/coreupdates.avna.com\/wp-content\/uploads\/2018\/12\/Blue-Background-Treatment12.jpg","width":3000,"height":1080},{"@type":"BreadcrumbList","@id":"https:\/\/coreupdates.avna.com\/es\/about-okay\/locations\/#breadcrumb","itemListElement":[{"@type":"ListItem","position":1,"name":"Home","item":"https:\/\/coreupdates.avna.com\/es\/"},{"@type":"ListItem","position":2,"name":"SobreAVNA","item":"https:\/\/coreupdates.avna.com\/es\/about-okay\/"},{"@type":"ListItem","position":3,"name":"Ubicaciones"}]},{"@type":"WebSite","@id":"https:\/\/coreupdates.avna.com\/es\/#website","url":"https:\/\/coreupdates.avna.com\/es\/","name":"AVNA","description":"Innovation Partners for Life","publisher":{"@id":"https:\/\/coreupdates.avna.com\/es\/#organization"},"potentialAction":[{"@type":"SearchAction","target":{"@type":"EntryPoint","urlTemplate":"https:\/\/coreupdates.avna.com\/es\/?s={search_term_string}"},"query-input":{"@type":"PropertyValueSpecification","valueRequired":true,"valueName":"search_term_string"}}],"inLanguage":"es"},{"@type":"Organization","@id":"https:\/\/coreupdates.avna.com\/es\/#organization","name":"AVNA","url":"https:\/\/coreupdates.avna.com\/es\/","logo":{"@type":"ImageObject","inLanguage":"es","@id":"https:\/\/coreupdates.avna.com\/es\/#\/schema\/logo\/image\/","url":"http:\/\/coreupdates.avna.com\/wp-content\/uploads\/2023\/12\/logo-0.png","contentUrl":"http:\/\/coreupdates.avna.com\/wp-content\/uploads\/2023\/12\/logo-0.png","width":387,"height":275,"caption":"AVNA"},"image":{"@id":"https:\/\/coreupdates.avna.com\/es\/#\/schema\/logo\/image\/"}}]}},"_links":{"self":[{"href":"https:\/\/coreupdates.avna.com\/es\/wp-json\/wp\/v2\/pages\/6647","targetHints":{"allow":["GET"]}}],"collection":[{"href":"https:\/\/coreupdates.avna.com\/es\/wp-json\/wp\/v2\/pages"}],"about":[{"href":"https:\/\/coreupdates.avna.com\/es\/wp-json\/wp\/v2\/types\/page"}],"author":[{"embeddable":true,"href":"https:\/\/coreupdates.avna.com\/es\/wp-json\/wp\/v2\/users\/1"}],"replies":[{"embeddable":true,"href":"https:\/\/coreupdates.avna.com\/es\/wp-json\/wp\/v2\/comments?post=6647"}],"version-history":[{"count":16,"href":"https:\/\/coreupdates.avna.com\/es\/wp-json\/wp\/v2\/pages\/6647\/revisions"}],"predecessor-version":[{"id":12773,"href":"https:\/\/coreupdates.avna.com\/es\/wp-json\/wp\/v2\/pages\/6647\/revisions\/12773"}],"up":[{"embeddable":true,"href":"https:\/\/coreupdates.avna.com\/es\/wp-json\/wp\/v2\/pages\/6611"}],"wp:featuredmedia":[{"embeddable":true,"href":"https:\/\/coreupdates.avna.com\/es\/wp-json\/wp\/v2\/media\/6649"}],"wp:attachment":[{"href":"https:\/\/coreupdates.avna.com\/es\/wp-json\/wp\/v2\/media?parent=6647"}],"curies":[{"name":"wp","href":"https:\/\/api.w.org\/{rel}","templated":true}]}}